{"id":71,"date":"2018-01-28T20:41:54","date_gmt":"2018-01-28T20:41:54","guid":{"rendered":"http:\/\/cache2.itim-cj.ro\/ttc\/?page_id=71"},"modified":"2019-05-22T09:21:00","modified_gmt":"2019-05-22T09:21:00","slug":"cercetare-sponsorizata","status":"publish","type":"page","link":"http:\/\/cit.itim-cj.ro\/en\/resurse-pentru-cercetatori\/learning\/cercetare-sponsorizata\/","title":{"rendered":"Cercetare Contractual\u0103"},"content":{"rendered":"<p align=\"justify\"><img loading=\"lazy\" class=\"size-medium wp-image-16855 alignright\" src=\"http:\/\/cache2.itim-cj.ro\/ttc\/wp-content\/uploads\/2019\/05\/cercetare-sponsorizata-300x200.jpg\" alt=\"\" width=\"300\" height=\"200\" srcset=\"http:\/\/cit.itim-cj.ro\/wp-content\/uploads\/2019\/05\/cercetare-sponsorizata-300x200.jpg 300w, http:\/\/cit.itim-cj.ro\/wp-content\/uploads\/2019\/05\/cercetare-sponsorizata-768x512.jpg 768w, http:\/\/cit.itim-cj.ro\/wp-content\/uploads\/2019\/05\/cercetare-sponsorizata-1024x683.jpg 1024w, http:\/\/cit.itim-cj.ro\/wp-content\/uploads\/2019\/05\/cercetare-sponsorizata-700x467.jpg 700w, http:\/\/cit.itim-cj.ro\/wp-content\/uploads\/2019\/05\/cercetare-sponsorizata.jpg 1920w\" sizes=\"(max-width: 300px) 100vw, 300px\" \/>Contractele cu mediul economic sunt instrumente ce dovedesc \u00eencredere \u00een capacitatea de rezolvare inventiv\u0103 a problemelor de c\u0103tre cercet\u0103torii no\u0219tri. Tradi\u021bia, expertiza noastr\u0103 \u0219i numeroasele practici de succes sunt factori care sporesc \u00eencrederea \u00een capabilitatea institutului nostru de a solu\u021biona nevoi concrete provenite din mediul industrial. Principalul rol al contractelor este acela de a defini a\u0219tept\u0103ri rezonabile \u0219i realiste de ambele p\u0103r\u021bi \u0219i de a cuantifica rezultatele.<\/p>\n<p align=\"justify\">Exist\u0103 trei mari categorii ale contractelor de colaborare:<\/p>\n<ul>\n<li style=\"list-style-type: none\">\n<ul>\n<li style=\"list-style-type: disc;\">contracte de servicii \u2013 sunt cele cu grad mic de inovare, pe parcursul c\u0103rora se realizeaz\u0103 analize simple<\/li>\n<\/ul>\n<\/li>\n<\/ul>\n<ul>\n<li style=\"list-style-type: none\">\n<ul>\n<li style=\"list-style-type: disc;\">contracte de cercetare\u00a0 \u2013 sunt cele care implic\u0103 cercet\u0103ri avansate pornite de la rezultate sau expertiz\u0103 existente deja \u00een portofoliul institutului<\/li>\n<\/ul>\n<\/li>\n<\/ul>\n<ul>\n<li style=\"list-style-type: disc;\">contracte de dezvoltare \u2013 \u00een care compania are propria divizie de cercetare \u015fi dore\u015fte s\u0103 deruleze \u00een cadrul unui proiect comun propriile activit\u0103\u0163i CDI, complementare cu cele atribuite organiza\u0163iei de cercetare<\/li>\n<\/ul>\n<p align=\"justify\">Contractele noastre cu firmele private vor cuprinde urm\u0103toarele clauze:<\/p>\n<p align=\"justify\"><strong>Planul de lucru, calendarul \u0219i livrabilele.<\/strong> Pentru a asigura transparen\u021ba se fixeaz\u0103 la \u00eenceput succesiunea activit\u0103\u021bilor, timpul necesar pentru derularea lor \u0219i rezultatele preconizate la finalul fiec\u0103reia.<\/p>\n<p><strong>Tariful<\/strong> este fixat dup\u0103 stabilirea activit\u0103\u021bilor, \u00een func\u021bie de volumul lucr\u0103rilor, timpul alocat \u0219i resursele materiale implicate. Exist\u0103 cazuri c\u00e2nd institutul poate cofinan\u021ba par\u021bial costurile unor activit\u0103\u021bi de cercetare.<\/p>\n<p align=\"justify\">Clauzele legate de <strong>proprietatea intelectual\u0103<\/strong> sunt fixate obligatoriu la \u00eenceputul fiec\u0103rui contract. \u00cen mod normal, drepturile de autor se \u00eempart direct propor\u021bional cu investi\u021bia fiec\u0103rei p\u0103r\u021bi.<\/p>\n<p align=\"justify\"><strong>Dreptul de a publica<\/strong> este o cerin\u021b\u0103 a cercet\u0103torilor implica\u021bi \u00eentr-un anumit contract de cercetare. Acest lucru este posibil doar cu acordul scris al companiei.<\/p>\n<p align=\"justify\">Confiden\u021bialitatea \u0219i r\u0103spunderea p\u0103r\u021bilor \u2013 sunt clauze relativ fixe. <strong>Clauzele de confiden\u021bialitate<\/strong> sunt importante deoarece pe parcursul colabor\u0103rii informa\u021biile pot fi divulgate c\u0103tre ter\u021be persoane; din acest motiv se recomand\u0103 extinderea acesteia pe o perioad\u0103 de p\u00e2n\u0103 la 5 ani.<\/p>\n<p align=\"justify\"><strong>R\u0103spunderea p\u0103r\u021bilor<\/strong>. Prin \u00eens\u0103\u0219i natura sa, munca de cercetare este surprinz\u0103toare ca atare este supus\u0103 unui risc. De aceea este important a se face o protejare \u00eempotriva eventualit\u0103\u021bii ca finan\u021batorul s\u0103 nu ob\u021bin\u0103 rezultatul solicitat.<\/p>","protected":false},"excerpt":{"rendered":"<p>Contractele cu mediul economic sunt instrumente ce dovedesc \u00eencredere \u00een capacitatea de rezolvare inventiv\u0103 a problemelor de c\u0103tre cercet\u0103torii no\u0219tri. Tradi\u021bia, expertiza noastr\u0103 \u0219i numeroasele practici de succes sunt factori care sporesc \u00eencrederea \u00een capabilitatea institutului nostru de a solu\u021biona nevoi concrete provenite din mediul&#8230;<\/p>","protected":false},"author":1,"featured_media":39,"parent":57,"menu_order":14,"comment_status":"closed","ping_status":"closed","template":"","meta":[],"_links":{"self":[{"href":"http:\/\/cit.itim-cj.ro\/en\/wp-json\/wp\/v2\/pages\/71"}],"collection":[{"href":"http:\/\/cit.itim-cj.ro\/en\/wp-json\/wp\/v2\/pages"}],"about":[{"href":"http:\/\/cit.itim-cj.ro\/en\/wp-json\/wp\/v2\/types\/page"}],"author":[{"embeddable":true,"href":"http:\/\/cit.itim-cj.ro\/en\/wp-json\/wp\/v2\/users\/1"}],"replies":[{"embeddable":true,"href":"http:\/\/cit.itim-cj.ro\/en\/wp-json\/wp\/v2\/comments?post=71"}],"version-history":[{"count":6,"href":"http:\/\/cit.itim-cj.ro\/en\/wp-json\/wp\/v2\/pages\/71\/revisions"}],"predecessor-version":[{"id":16890,"href":"http:\/\/cit.itim-cj.ro\/en\/wp-json\/wp\/v2\/pages\/71\/revisions\/16890"}],"up":[{"embeddable":true,"href":"http:\/\/cit.itim-cj.ro\/en\/wp-json\/wp\/v2\/pages\/57"}],"wp:featuredmedia":[{"embeddable":true,"href":"http:\/\/cit.itim-cj.ro\/en\/wp-json\/wp\/v2\/media\/39"}],"wp:attachment":[{"href":"http:\/\/cit.itim-cj.ro\/en\/wp-json\/wp\/v2\/media?parent=71"}],"curies":[{"name":"wp","href":"https:\/\/api.w.org\/{rel}","templated":true}]}}