{"id":69,"date":"2018-01-28T20:41:31","date_gmt":"2018-01-28T20:41:31","guid":{"rendered":"http:\/\/cache2.itim-cj.ro\/ttc\/?page_id=69"},"modified":"2019-05-21T13:04:41","modified_gmt":"2019-05-21T13:04:41","slug":"transfer-tehnologic","status":"publish","type":"page","link":"http:\/\/cit.itim-cj.ro\/en\/resurse-pentru-cercetatori\/learning\/transfer-tehnologic\/","title":{"rendered":"Transfer tehnologic"},"content":{"rendered":"<div class=\"wp-block-image\"><figure class=\"alignright\"><img loading=\"lazy\" width=\"300\" height=\"212\" src=\"http:\/\/cache2.itim-cj.ro\/ttc\/wp-content\/uploads\/2019\/05\/transfer-tehnologic-2-300x212.jpg\" alt=\"\" class=\"wp-image-16823\" srcset=\"http:\/\/cit.itim-cj.ro\/wp-content\/uploads\/2019\/05\/transfer-tehnologic-2-300x212.jpg 300w, http:\/\/cit.itim-cj.ro\/wp-content\/uploads\/2019\/05\/transfer-tehnologic-2-768x542.jpg 768w, http:\/\/cit.itim-cj.ro\/wp-content\/uploads\/2019\/05\/transfer-tehnologic-2-1024x723.jpg 1024w, http:\/\/cit.itim-cj.ro\/wp-content\/uploads\/2019\/05\/transfer-tehnologic-2-700x494.jpg 700w, http:\/\/cit.itim-cj.ro\/wp-content\/uploads\/2019\/05\/transfer-tehnologic-2.jpg 1920w\" sizes=\"(max-width: 300px) 100vw, 300px\" \/><\/figure><\/div>\n\n\n\n<p align=\"justify\">Transferul tehnologic este definit ca un proces derulat de c\u0103tre structuri de cercetare prin care un sistem de cuno\u015ftin\u0163e (brevetat sau nebrevetat) este transferat spre entit\u0103\u0163i socio-economice, capabile s\u0103 materializeze aceste cuno\u015ftin\u0163e \u00een beneficiul lor sau al societ\u0103\u0163ii \u00een general.<\/p>\n\n\n\n<p align=\"justify\">\u00cen abordarea tradi\u021bional\u0103, autorit\u0103\u021bile publice prin intermediul institutelor de cercetare furnizau solu\u021bii tehnice c\u0103tre cei interesa\u021bi. Rezultatele cercet\u0103rii erau diseminate \u00een articole sau brevete.<\/p>\n\n\n\n<p align=\"justify\">\u00cen zilele noastre exist\u0103 o colaborare sinergic\u0103 \u00eentre institu\u021biile publice, organiza\u021bii de cercetare, firme private \u0219i alte grupuri de interes din societate. Acestea este posibil\u0103 atunci c\u00e2nd fiecare parte implicat\u0103 face demersuri pentru a comunica propriile nevoi concomitent cu a \u00eentelege nevoile celuilalt.<\/p>\n\n\n\n<p align=\"justify\">Convergen\u021ba ideilor este asigurat\u0103 de c\u0103tre managerul de transfer tehnologic care reprezint\u0103 un translator \u00eentre dou\u0103 limbaje, culturi \u015fi mentalit\u0103\u0163i diferite: cea academic\u0103 \u015fi cea industrial\u0103.<\/p>\n\n\n\n<p><strong>Canale de transfer tehnologic: <\/strong><\/p>\n\n\n\n<ul><li style=\"list-style-type:disc;\">Teste, \u00eencerc\u0103ri, analize punctuale pentru companii private<\/li><li style=\"list-style-type:disc;\">Compania are nevoie de cercet\u0103ri complexe care vizeaz\u0103 nevoile sale de dezvoltare\/inovare pe termen mediu \u0219i lung: de la testarea de solu\u021bii inovative asupra unui produs\/proces existent, p\u00e2n\u0103 la dezvoltarea de produse\/servicii noi<\/li><li style=\"list-style-type:disc;\">Activit\u0103\u021bi de cercetare industrial\u0103 \u0219i\/sau dezvoltare experimental\u0103 realizate prin colaborare efectiv\u0103 \u00eentre organiza\u0163ia de cercetare \u015fi companie<\/li><li style=\"list-style-type:disc;\">Transfer de proprietate intelectual\u0103 prin licen\u021bierea\/cesionarea brevetelor<\/li><li style=\"list-style-type:disc;\">Cercetare aplicat\u0103, finan\u021bat\u0103 100% de companii<\/li><li style=\"list-style-type:disc;\">Suport pentru \u00eenfiin\u021barea  de spin off-uri \u0219i\/sau start up-uri<\/li><li style=\"list-style-type:disc;\">Instruire personal pentru exploatarea infrastructurii sau dezvoltarea\/implementarea unor noi metode de lucru<\/li><\/ul>","protected":false},"excerpt":{"rendered":"<p>Transferul tehnologic este definit ca un proces derulat de c\u0103tre structuri de cercetare prin care un sistem de cuno\u015ftin\u0163e (brevetat sau nebrevetat) este transferat spre entit\u0103\u0163i socio-economice, capabile s\u0103 materializeze aceste cuno\u015ftin\u0163e \u00een beneficiul lor sau al societ\u0103\u0163ii \u00een general. \u00cen abordarea tradi\u021bional\u0103, autorit\u0103\u021bile publice&#8230;<\/p>","protected":false},"author":1,"featured_media":39,"parent":57,"menu_order":13,"comment_status":"closed","ping_status":"closed","template":"","meta":[],"_links":{"self":[{"href":"http:\/\/cit.itim-cj.ro\/en\/wp-json\/wp\/v2\/pages\/69"}],"collection":[{"href":"http:\/\/cit.itim-cj.ro\/en\/wp-json\/wp\/v2\/pages"}],"about":[{"href":"http:\/\/cit.itim-cj.ro\/en\/wp-json\/wp\/v2\/types\/page"}],"author":[{"embeddable":true,"href":"http:\/\/cit.itim-cj.ro\/en\/wp-json\/wp\/v2\/users\/1"}],"replies":[{"embeddable":true,"href":"http:\/\/cit.itim-cj.ro\/en\/wp-json\/wp\/v2\/comments?post=69"}],"version-history":[{"count":18,"href":"http:\/\/cit.itim-cj.ro\/en\/wp-json\/wp\/v2\/pages\/69\/revisions"}],"predecessor-version":[{"id":16879,"href":"http:\/\/cit.itim-cj.ro\/en\/wp-json\/wp\/v2\/pages\/69\/revisions\/16879"}],"up":[{"embeddable":true,"href":"http:\/\/cit.itim-cj.ro\/en\/wp-json\/wp\/v2\/pages\/57"}],"wp:featuredmedia":[{"embeddable":true,"href":"http:\/\/cit.itim-cj.ro\/en\/wp-json\/wp\/v2\/media\/39"}],"wp:attachment":[{"href":"http:\/\/cit.itim-cj.ro\/en\/wp-json\/wp\/v2\/media?parent=69"}],"curies":[{"name":"wp","href":"https:\/\/api.w.org\/{rel}","templated":true}]}}