{"id":67,"date":"2018-01-28T20:41:10","date_gmt":"2018-01-28T20:41:10","guid":{"rendered":"http:\/\/cache2.itim-cj.ro\/ttc\/?page_id=67"},"modified":"2019-05-17T07:47:06","modified_gmt":"2019-05-17T07:47:06","slug":"brevetare","status":"publish","type":"page","link":"http:\/\/cit.itim-cj.ro\/en\/resurse-pentru-cercetatori\/learning\/brevetare\/","title":{"rendered":"Brevetare"},"content":{"rendered":"<p align=\"justify\"><img loading=\"lazy\" class=\"size-medium wp-image-16746 alignright\" src=\"http:\/\/cache2.itim-cj.ro\/ttc\/wp-content\/uploads\/2019\/05\/greenhouse-2139527_1920-300x200.jpg\" alt=\"\" width=\"300\" height=\"200\" srcset=\"http:\/\/cit.itim-cj.ro\/wp-content\/uploads\/2019\/05\/greenhouse-2139527_1920-300x200.jpg 300w, http:\/\/cit.itim-cj.ro\/wp-content\/uploads\/2019\/05\/greenhouse-2139527_1920-768x512.jpg 768w, http:\/\/cit.itim-cj.ro\/wp-content\/uploads\/2019\/05\/greenhouse-2139527_1920-1024x683.jpg 1024w, http:\/\/cit.itim-cj.ro\/wp-content\/uploads\/2019\/05\/greenhouse-2139527_1920-700x467.jpg 700w, http:\/\/cit.itim-cj.ro\/wp-content\/uploads\/2019\/05\/greenhouse-2139527_1920.jpg 1920w\" sizes=\"(max-width: 300px) 100vw, 300px\" \/>Cele mai valoroase rezultate ale cercet\u0103rii sunt cele care r\u0103spund unei provoc\u0103ri (tehnice) cu care se confrunt\u0103 utilizatorii, produc\u0103torii sau societatea \u00een general. Pe scurt, un rezultat solid are aplicabilitate industrial\u0103.<\/p>\n<p align=\"justify\">Exist\u0103 \u0219i cazuri \u00een care solu\u021bia propus\u0103 aduce noutate \u0219i originalitate \u00een rezolvarea unei probleme.<\/p>\n<p align=\"justify\">\u00cen ambele cazuri cea mai bun\u0103 form\u0103 de protec\u021bie a drepturilor de proprietate intelectual\u0103 este brevetarea. Brevetul este doar titlul oficial al solu\u021biei tehnice de\u021binute de inventator.<\/p>\n<p align=\"justify\">Inven\u021bia trebuie s\u0103 fie diferit\u0103 de tot ceea ce este cunoscut, at\u00e2t fa\u021b\u0103 de publica\u021bii personale c\u00e2t \u0219i fa\u021b\u0103 de tot ce s-a publicat p\u00e2n\u0103 acum \u00een domeniul respectiv.  Amintim faptul c\u0103 o cerere de brevet se depune \u00eenainte de orice diseminare public\u0103 sau orice publicare \u00een reviste de specialitate.<\/p>","protected":false},"excerpt":{"rendered":"<p>Cele mai valoroase rezultate ale cercet\u0103rii sunt cele care r\u0103spund unei provoc\u0103ri (tehnice) cu care se confrunt\u0103 utilizatorii, produc\u0103torii sau societatea \u00een general. Pe scurt, un rezultat solid are aplicabilitate industrial\u0103. Exist\u0103 \u0219i cazuri \u00een care solu\u021bia propus\u0103 aduce noutate \u0219i originalitate \u00een rezolvarea unei&#8230;<\/p>","protected":false},"author":1,"featured_media":39,"parent":57,"menu_order":12,"comment_status":"closed","ping_status":"closed","template":"","meta":[],"_links":{"self":[{"href":"http:\/\/cit.itim-cj.ro\/en\/wp-json\/wp\/v2\/pages\/67"}],"collection":[{"href":"http:\/\/cit.itim-cj.ro\/en\/wp-json\/wp\/v2\/pages"}],"about":[{"href":"http:\/\/cit.itim-cj.ro\/en\/wp-json\/wp\/v2\/types\/page"}],"author":[{"embeddable":true,"href":"http:\/\/cit.itim-cj.ro\/en\/wp-json\/wp\/v2\/users\/1"}],"replies":[{"embeddable":true,"href":"http:\/\/cit.itim-cj.ro\/en\/wp-json\/wp\/v2\/comments?post=67"}],"version-history":[{"count":6,"href":"http:\/\/cit.itim-cj.ro\/en\/wp-json\/wp\/v2\/pages\/67\/revisions"}],"predecessor-version":[{"id":16799,"href":"http:\/\/cit.itim-cj.ro\/en\/wp-json\/wp\/v2\/pages\/67\/revisions\/16799"}],"up":[{"embeddable":true,"href":"http:\/\/cit.itim-cj.ro\/en\/wp-json\/wp\/v2\/pages\/57"}],"wp:featuredmedia":[{"embeddable":true,"href":"http:\/\/cit.itim-cj.ro\/en\/wp-json\/wp\/v2\/media\/39"}],"wp:attachment":[{"href":"http:\/\/cit.itim-cj.ro\/en\/wp-json\/wp\/v2\/media?parent=67"}],"curies":[{"name":"wp","href":"https:\/\/api.w.org\/{rel}","templated":true}]}}