{"id":59,"date":"2018-01-28T20:39:20","date_gmt":"2018-01-28T20:39:20","guid":{"rendered":"http:\/\/cache2.itim-cj.ro\/ttc\/?page_id=59"},"modified":"2020-02-26T09:29:47","modified_gmt":"2020-02-26T09:29:47","slug":"resurse-pentru-cercetatori","status":"publish","type":"page","link":"http:\/\/cit.itim-cj.ro\/en\/resurse-pentru-cercetatori\/","title":{"rendered":"Resurse pentru cercet\u0103tori"},"content":{"rendered":"<div   data-q_id=\"#resurse_pentru_cercetatori\"    class=\"vc_row wpb_row section vc_row-fluid\" style=' text-align:left;'><div class=\"full_section_inner clearfix\"><div class=\"wpb_column vc_column_container vc_col-sm-12\"><div class=\"vc_column-inner\"><div class=\"wpb_wrapper\">\n\t<div class=\"wpb_text_column wpb_content_element\">\n\t\t<div class=\"wpb_wrapper\">\n\t\t\t<p align=\"justify\"><img loading=\"lazy\" class=\"alignnone size-large wp-image-16744\" src=\"http:\/\/cache2.itim-cj.ro\/ttc\/wp-content\/uploads\/2019\/05\/lab-512503_1920-1024x266.jpg\" alt=\"\" width=\"1024\" height=\"266\" srcset=\"http:\/\/cit.itim-cj.ro\/wp-content\/uploads\/2019\/05\/lab-512503_1920-1024x266.jpg 1024w, http:\/\/cit.itim-cj.ro\/wp-content\/uploads\/2019\/05\/lab-512503_1920-300x78.jpg 300w, http:\/\/cit.itim-cj.ro\/wp-content\/uploads\/2019\/05\/lab-512503_1920-768x199.jpg 768w, http:\/\/cit.itim-cj.ro\/wp-content\/uploads\/2019\/05\/lab-512503_1920-700x182.jpg 700w, http:\/\/cit.itim-cj.ro\/wp-content\/uploads\/2019\/05\/lab-512503_1920.jpg 1920w\" sizes=\"(max-width: 1024px) 100vw, 1024px\" \/><\/p>\n<p>Dezideratul nostru? Cercetarea \u00een beneficiul oamenilor \u0219i cre\u0219terea calit\u0103\u021bii vie\u021bii!<\/p>\n<p align=\"justify\">Inovarea constituie un pilon de baz\u0103 al societ\u0103\u021bii, iar noi ne \u00eendrept\u0103m preocup\u0103rile \u00een rezolvarea problemelor din \u0219tiin\u021b\u0103 \u0219i tehnologie pentru sus\u021binerea progresului. Toate echipele de cercetare, construite fiecare \u00een jurul unei tematici comune, particip\u0103 la acest proces iar munca lor este concentrat\u0103 spre rezultate care s\u0103 conduc\u0103 la inova\u021bii actuale sau viitoare.<\/p>\n<p align=\"justify\">Misiunea Centrului de Informare Tehnologic\u0103 este aceea de a facilita transformarea unei solu\u021bii tehnice \u00een brevet \u0219i de a-i g\u0103si locul potrivit \u00een societate. Astfel, am creat o interfa\u021b\u0103 uman\u0103 \u00eentre mediul academic \u0219i cel industrial\/privat cu ajutorul persoanelor instruite \u00een acest sens.<\/p>\n<p align=\"justify\">\u00cen demersurile noastre un aspect important este analiza poten\u021bialului de valorificare comercial\u0103 a inven\u021biei. Pentru a exploata oportunit\u0103\u021bile de comercializare a acestora vom \u00eencerca s\u0103 fim la curent cu solicit\u0103rile pie\u021bei specifice domeniului de aplicabilitate vizat.<\/p>\n<p align=\"justify\">Colaborarea real\u0103 \u0219i av\u00e2nd la baz\u0103 principii etice \u00eentre cercet\u0103tori \u0219i beneficiari din mediul privat stimuleaz\u0103 cre\u0219terea calit\u0103\u021bii rezultatelor. Puternica noastr\u0103 motiva\u021bie ia na\u0219tere deoarece \u0219tim c\u0103 cercet\u0103rile noastre sunt utile companiilor care vor s\u0103 beneficieze de rezultatele \u0219i expertiza CDI din institutul nostru prin \u00eenglobarea acestora \u00een servicii\/produse inovative destinate pie\u021bei.<\/p>\n\n\t\t<\/div> \n\t<\/div> <\/div><\/div><\/div><\/div><\/div>","protected":false},"excerpt":{"rendered":"Dezideratul nostru? Cercetarea \u00een beneficiul oamenilor \u0219i cre\u0219terea calit\u0103\u021bii vie\u021bii! Inovarea constituie un pilon de baz\u0103 al societ\u0103\u021bii, iar noi ne \u00eendrept\u0103m preocup\u0103rile \u00een rezolvarea problemelor din \u0219tiin\u021b\u0103 \u0219i tehnologie pentru sus\u021binerea progresului. Toate echipele de cercetare, construite fiecare \u00een jurul unei tematici comune, particip\u0103...","protected":false},"author":1,"featured_media":39,"parent":0,"menu_order":6,"comment_status":"closed","ping_status":"closed","template":"","meta":[],"_links":{"self":[{"href":"http:\/\/cit.itim-cj.ro\/en\/wp-json\/wp\/v2\/pages\/59"}],"collection":[{"href":"http:\/\/cit.itim-cj.ro\/en\/wp-json\/wp\/v2\/pages"}],"about":[{"href":"http:\/\/cit.itim-cj.ro\/en\/wp-json\/wp\/v2\/types\/page"}],"author":[{"embeddable":true,"href":"http:\/\/cit.itim-cj.ro\/en\/wp-json\/wp\/v2\/users\/1"}],"replies":[{"embeddable":true,"href":"http:\/\/cit.itim-cj.ro\/en\/wp-json\/wp\/v2\/comments?post=59"}],"version-history":[{"count":11,"href":"http:\/\/cit.itim-cj.ro\/en\/wp-json\/wp\/v2\/pages\/59\/revisions"}],"predecessor-version":[{"id":17237,"href":"http:\/\/cit.itim-cj.ro\/en\/wp-json\/wp\/v2\/pages\/59\/revisions\/17237"}],"wp:featuredmedia":[{"embeddable":true,"href":"http:\/\/cit.itim-cj.ro\/en\/wp-json\/wp\/v2\/media\/39"}],"wp:attachment":[{"href":"http:\/\/cit.itim-cj.ro\/en\/wp-json\/wp\/v2\/media?parent=59"}],"curies":[{"name":"wp","href":"https:\/\/api.w.org\/{rel}","templated":true}]}}