{"id":57,"date":"2018-01-28T20:39:02","date_gmt":"2018-01-28T20:39:02","guid":{"rendered":"http:\/\/cache2.itim-cj.ro\/ttc\/?page_id=57"},"modified":"2020-02-19T12:35:56","modified_gmt":"2020-02-19T12:35:56","slug":"learning","status":"publish","type":"page","link":"http:\/\/cit.itim-cj.ro\/en\/resurse-pentru-cercetatori\/learning\/","title":{"rendered":"Resurse"},"content":{"rendered":"<div class=\"wp-container-3 wp-block-columns has-2-columns\">\r\n<div class=\"wp-container-1 wp-block-column\">\r\n<p align=\"justify\">Sunt stabilite drepturile inventatorilor asupra unei inven\u021bii pe teritoriul Rom\u00e2niei prin acordarea de brevete de inven\u021bie de c\u0103tre Oficiul de Stat pentru Inven\u021bii \u0219i M\u0103rci.<\/p>\r\n\r\n<a href=\"http:\/\/cache2.itim-cj.ro\/ttc\/wp-content\/uploads\/2018\/02\/Legislatie.doc\" target=\"_blank\" rel=\"noreferrer noopener\">LEGE nr. 64 din 11 octombrie 1991<\/a>\r\n\r\n\r\n<p align=\"justify\">Reglementeaz\u0103 activitatea de cercetare-dezvoltare \u00een Rom\u00e2nia, aceasta constituind prioritate na\u021bional\u0103, cu rol determinant \u00een strategia de dezvoltare economic\u0103 durabil\u0103.<\/p>\r\n\r\n<a href=\"http:\/\/cache2.itim-cj.ro\/ttc\/wp-content\/uploads\/2019\/05\/ORDONANTA-nr.-57-din-16-august-2002-.docx\">ORDONAN\u021aA nr. 57 din 16 august 2002 <\/a>\r\n\r\n<\/div>\r\n\r\n<div class=\"wp-container-2 wp-block-column\">\r\n<figure class=\"wp-block-image\"><img loading=\"lazy\" width=\"1024\" height=\"683\" class=\"wp-image-16805\" src=\"http:\/\/cache2.itim-cj.ro\/ttc\/wp-content\/uploads\/2019\/05\/legislatie-1024x683.jpg\" alt=\"\" srcset=\"http:\/\/cit.itim-cj.ro\/wp-content\/uploads\/2019\/05\/legislatie-1024x683.jpg 1024w, http:\/\/cit.itim-cj.ro\/wp-content\/uploads\/2019\/05\/legislatie-300x200.jpg 300w, http:\/\/cit.itim-cj.ro\/wp-content\/uploads\/2019\/05\/legislatie-768x512.jpg 768w, http:\/\/cit.itim-cj.ro\/wp-content\/uploads\/2019\/05\/legislatie-700x467.jpg 700w, http:\/\/cit.itim-cj.ro\/wp-content\/uploads\/2019\/05\/legislatie.jpg 1920w\" sizes=\"(max-width: 1024px) 100vw, 1024px\" \/><\/figure>\r\n&nbsp;\r\n\r\n<\/div>\r\n<\/div>","protected":false},"excerpt":{"rendered":"<p>Sunt stabilite drepturile inventatorilor asupra unei inven\u021bii pe teritoriul Rom\u00e2niei prin acordarea de brevete de inven\u021bie de c\u0103tre Oficiul de Stat pentru Inven\u021bii \u0219i M\u0103rci. LEGE nr. 64 din 11 octombrie 1991 Reglementeaz\u0103 activitatea de cercetare-dezvoltare \u00een Rom\u00e2nia, aceasta constituind prioritate na\u021bional\u0103, cu rol determinant&#8230;<\/p>","protected":false},"author":1,"featured_media":39,"parent":59,"menu_order":8,"comment_status":"closed","ping_status":"closed","template":"","meta":[],"_links":{"self":[{"href":"http:\/\/cit.itim-cj.ro\/en\/wp-json\/wp\/v2\/pages\/57"}],"collection":[{"href":"http:\/\/cit.itim-cj.ro\/en\/wp-json\/wp\/v2\/pages"}],"about":[{"href":"http:\/\/cit.itim-cj.ro\/en\/wp-json\/wp\/v2\/types\/page"}],"author":[{"embeddable":true,"href":"http:\/\/cit.itim-cj.ro\/en\/wp-json\/wp\/v2\/users\/1"}],"replies":[{"embeddable":true,"href":"http:\/\/cit.itim-cj.ro\/en\/wp-json\/wp\/v2\/comments?post=57"}],"version-history":[{"count":4,"href":"http:\/\/cit.itim-cj.ro\/en\/wp-json\/wp\/v2\/pages\/57\/revisions"}],"predecessor-version":[{"id":17178,"href":"http:\/\/cit.itim-cj.ro\/en\/wp-json\/wp\/v2\/pages\/57\/revisions\/17178"}],"up":[{"embeddable":true,"href":"http:\/\/cit.itim-cj.ro\/en\/wp-json\/wp\/v2\/pages\/59"}],"wp:featuredmedia":[{"embeddable":true,"href":"http:\/\/cit.itim-cj.ro\/en\/wp-json\/wp\/v2\/media\/39"}],"wp:attachment":[{"href":"http:\/\/cit.itim-cj.ro\/en\/wp-json\/wp\/v2\/media?parent=57"}],"curies":[{"name":"wp","href":"https:\/\/api.w.org\/{rel}","templated":true}]}}