{"id":55,"date":"2018-01-28T20:38:44","date_gmt":"2018-01-28T20:38:44","guid":{"rendered":"http:\/\/cache2.itim-cj.ro\/ttc\/?page_id=55"},"modified":"2020-07-09T09:31:27","modified_gmt":"2020-07-09T09:31:27","slug":"procedura-standard-de-raportare-a-rezultatelor-transferabile","status":"publish","type":"page","link":"http:\/\/cit.itim-cj.ro\/en\/resurse-pentru-cercetatori\/procedura-standard-de-raportare-a-rezultatelor-transferabile\/","title":{"rendered":"Procedur\u0103 standard de raportare a rezultatelor transferabile"},"content":{"rendered":"<p>Procedura prezentat\u0103 pentru raportarea rezultatelor transferabile este un instrument de lucru prin care se fixeaz\u0103 responsabilit\u0103\u021bile \u0219i se stabile\u0219te modul de lucru \u00een procesul de inventariere \u0219i evaluare a rezultatelor cercet\u0103rii, dezvolt\u0103rii \u0219i inov\u0103rii (CDI).<\/p>\n<p>Misiunea Centrului de Informare Tehnologic\u0103 CIT al INCDTIM implic\u0103, \u00een primul r\u00e2nd, o excelent\u0103 comunicare \u00eentre institu\u021bia de cercetare \u0219i mediul de afaceri \u0219i furnizarea corect\u0103 \u0219i eficient\u0103 a informa\u021biilor referitoare la rezultatele CDI. Astfel, una dintre preocup\u0103rile CIT o reprezint\u0103 <strong>documentarea tehnologic\u0103<\/strong> \u0219i instruirea agen\u021bilor economici privind avantajele inov\u0103rii pentru societate.<\/p>\n<p>Nevoile sociale se afl\u0103 \u00eentr-o dinamic\u0103 accelerat\u0103 \u0219i, \u00een consecin\u021b\u0103, este necesar ca oferta de rezultate CDI s\u0103 fie rapid ajustat\u0103 \u0219i adaptat\u0103 acestor nevoi. La baza acestui proces continuu st\u0103 expertiza solid\u0103 \u00een cercetare acumulat\u0103 de INCDTIM \u00een peste 70 de ani de experien\u021b\u0103.<\/p>\n<p>Una dintre preocup\u0103rile CIT este aducerea \u00een aten\u021bia publicului specializat a ofertei de rezultate \u0219i expertiz\u0103 prin care cercetarea poate fi pus\u0103 \u00een folosul dezvolt\u0103rii societ\u0103\u021bii. Forma de prezentare este sintetic\u0103, numeroasele detalii tehnice specifice urm\u00e2nd s\u0103 fie furnizate dup\u0103 stabilirea unui contact cu echipa CIT.<\/p>\n<p><a href=\"http:\/\/cache2.itim-cj.ro\/ttc\/wp-content\/uploads\/2018\/02\/Procedur\u0103-standard-de-raportare-a-rezultatelor-transferabile.docx-1.pdf\" target=\"_blank\" rel=\"noopener noreferrer\">Procedura standard de raportare a rezultatelor transferabile (pdf)<\/a><br \/>\n<a href=\"http:\/\/cache2.itim-cj.ro\/ttc\/wp-content\/uploads\/2018\/02\/Formular-TT-template.docx\" target=\"_blank\" rel=\"noopener noreferrer\">Formular tehnologie transferabil\u0103 (doc)<\/a><\/p>\n<div class=\"ead-preview\"><div class=\"ead-document\" style=\"position: relative;padding-top: 90%;\"><div class=\"ead-iframe-wrapper\"><iframe src=\"\/\/docs.google.com\/viewer?url=http%3A%2F%2Fcache2.itim-cj.ro%2Fttc%2Fwp-content%2Fuploads%2F2018%2F02%2FProcedur%C4%83-standard-de-raportare-a-rezultatelor-transferabile.docx-1.pdf&amp;embedded=true&amp;hl=en\" title=\"Embedded Document\" class=\"ead-iframe\" style=\"width: 100%;height: 100%;border: none;position: absolute;left: 0;top: 0;visibility: hidden;\"><\/iframe><\/div>\t\t\t<div class=\"ead-document-loading\" style=\"width:100%;height:100%;position:absolute;left:0;top:0;z-index:10;\">\n\t\t\t\t<div class=\"ead-loading-wrap\">\n\t\t\t\t\t<div class=\"ead-loading-main\">\n\t\t\t\t\t\t<div class=\"ead-loading\">\n\t\t\t\t\t\t\t<img src=\"http:\/\/cit.itim-cj.ro\/wp-content\/plugins\/embed-any-document\/images\/loading.svg\" width=\"55\" height=\"55\" alt=\"Loader\">\n\t\t\t\t\t\t\t<span>Loading...<\/span>\n\t\t\t\t\t\t<\/div>\n\t\t\t\t\t<\/div>\n\t\t\t\t\t<div class=\"ead-loading-foot\">\n\t\t\t\t\t\t<div class=\"ead-loading-foot-title\">\n\t\t\t\t\t\t\t<img src=\"http:\/\/cit.itim-cj.ro\/wp-content\/plugins\/embed-any-document\/images\/EAD-logo.svg\" alt=\"EAD Logo\" width=\"36\" height=\"23\"\/>\n\t\t\t\t\t\t\t<span>Taking too long?<\/span>\n\t\t\t\t\t\t<\/div>\n\t\t\t\t\t\t<div class=\"ead-document-btn ead-reload-btn\" role=\"button\">\n\t\t\t\t\t\t\t\t<img src=\"http:\/\/cit.itim-cj.ro\/wp-content\/plugins\/embed-any-document\/images\/reload.svg\" alt=\"Reload\" width=\"12\" height=\"12\"\/> Reload document\t\t\t\t\t\t\t<\/div>\n\t\t\t\t\t\t\t<span>|<\/span>\n\t\t\t\t\t\t\t<a href=\"http:\/\/cache2.itim-cj.ro\/ttc\/wp-content\/uploads\/2018\/02\/Procedur\u0103-standard-de-raportare-a-rezultatelor-transferabile.docx-1.pdf\" class=\"ead-document-btn\" target=\"_blank\">\n\t\t\t\t\t\t\t\t<img src=\"http:\/\/cit.itim-cj.ro\/wp-content\/plugins\/embed-any-document\/images\/open.svg\" alt=\"Open\" width=\"12\" height=\"12\"\/> Open in new tab\t\t\t\t\t\t\t<\/a>\n\t\t\t\t\t<\/div>\n\t\t\t\t<\/div>\n\t\t\t<\/div>\n\t\t<\/div><p class=\"embed_download\"><a href=\"http:\/\/cache2.itim-cj.ro\/ttc\/wp-content\/uploads\/2018\/02\/Procedur\u0103-standard-de-raportare-a-rezultatelor-transferabile.docx-1.pdf\" download>Download <\/a><\/p><\/div>","protected":false},"excerpt":{"rendered":"<p>Procedura prezentat\u0103 pentru raportarea rezultatelor transferabile este un instrument de lucru prin care se fixeaz\u0103 responsabilit\u0103\u021bile \u0219i se stabile\u0219te modul de lucru \u00een procesul de inventariere \u0219i evaluare a rezultatelor cercet\u0103rii, dezvolt\u0103rii \u0219i inov\u0103rii (CDI). Misiunea Centrului de Informare Tehnologic\u0103 CIT al INCDTIM implic\u0103, \u00een&#8230;<\/p>","protected":false},"author":1,"featured_media":39,"parent":59,"menu_order":7,"comment_status":"closed","ping_status":"closed","template":"","meta":[],"_links":{"self":[{"href":"http:\/\/cit.itim-cj.ro\/en\/wp-json\/wp\/v2\/pages\/55"}],"collection":[{"href":"http:\/\/cit.itim-cj.ro\/en\/wp-json\/wp\/v2\/pages"}],"about":[{"href":"http:\/\/cit.itim-cj.ro\/en\/wp-json\/wp\/v2\/types\/page"}],"author":[{"embeddable":true,"href":"http:\/\/cit.itim-cj.ro\/en\/wp-json\/wp\/v2\/users\/1"}],"replies":[{"embeddable":true,"href":"http:\/\/cit.itim-cj.ro\/en\/wp-json\/wp\/v2\/comments?post=55"}],"version-history":[{"count":14,"href":"http:\/\/cit.itim-cj.ro\/en\/wp-json\/wp\/v2\/pages\/55\/revisions"}],"predecessor-version":[{"id":17567,"href":"http:\/\/cit.itim-cj.ro\/en\/wp-json\/wp\/v2\/pages\/55\/revisions\/17567"}],"up":[{"embeddable":true,"href":"http:\/\/cit.itim-cj.ro\/en\/wp-json\/wp\/v2\/pages\/59"}],"wp:featuredmedia":[{"embeddable":true,"href":"http:\/\/cit.itim-cj.ro\/en\/wp-json\/wp\/v2\/media\/39"}],"wp:attachment":[{"href":"http:\/\/cit.itim-cj.ro\/en\/wp-json\/wp\/v2\/media?parent=55"}],"curies":[{"name":"wp","href":"https:\/\/api.w.org\/{rel}","templated":true}]}}