{"id":42,"date":"2018-01-28T20:35:25","date_gmt":"2018-01-28T20:35:25","guid":{"rendered":"http:\/\/cache2.itim-cj.ro\/ttc\/?page_id=42"},"modified":"2020-02-26T09:28:58","modified_gmt":"2020-02-26T09:28:58","slug":"oferta-de-colaborare","status":"publish","type":"page","link":"http:\/\/cit.itim-cj.ro\/en\/oferta-pentru-industrie\/oferta-de-colaborare\/","title":{"rendered":"Ofert\u0103 de colaborare"},"content":{"rendered":"<div   data-q_id=\"#oferta_de_colaborare\"    class=\"vc_row wpb_row section vc_row-fluid\" style=' text-align:left;'><div class=\"full_section_inner clearfix\"><div class=\"wpb_column vc_column_container vc_col-sm-12\"><div class=\"vc_column-inner\"><div class=\"wpb_wrapper\">\n\t<div class=\"wpb_text_column wpb_content_element\">\n\t\t<div class=\"wpb_wrapper\">\n\t\t\t<p>Politica institutului nostru este axat\u0103 pe un sistem de valori care implic\u0103 performan\u021b\u0103, profesionalism \u0219i \u00eencredere. Ne dorim\/propunem ca tot mai multe dintre rezultatele noastre ajunse la diferite nivele de maturitate tehnologic\u0103 s\u0103-\u0219i g\u0103seasc\u0103 finalitatea practic\u0103 \u00een asimilarea lor de c\u0103tre mediul economic.<img loading=\"lazy\" class=\"size-medium wp-image-17123 alignright\" src=\"http:\/\/cache2.itim-cj.ro\/ttc\/wp-content\/uploads\/2020\/01\/paper-3309829_640-300x228.jpg\" alt=\"\" width=\"300\" height=\"228\" srcset=\"http:\/\/cit.itim-cj.ro\/wp-content\/uploads\/2020\/01\/paper-3309829_640-300x228.jpg 300w, http:\/\/cit.itim-cj.ro\/wp-content\/uploads\/2020\/01\/paper-3309829_640-500x380.jpg 500w, http:\/\/cit.itim-cj.ro\/wp-content\/uploads\/2020\/01\/paper-3309829_640.jpg 640w\" sizes=\"(max-width: 300px) 100vw, 300px\" \/><\/p>\n<p>Oferta noastr\u0103 pentru companii cuprinde:<\/p>\n<ul style=\"list-style-type: circle;\">\n<li>Servicii de rutin\u0103 (analize \u0219i m\u0103sur\u0103tori)<\/li>\n<li>Servicii de cercetare \u0219i \u00een scopul rezolv\u0103rii unor probleme concrete venite din industrie<\/li>\n<li>Parteneriate pentru activit\u0103\u021bi de cercetare industrial\u0103<\/li>\n<li>Dezvoltare experimental\u0103 finantat\u0103 de mediul de afaceri<\/li>\n<li>Realizarea de produse\/tehnologii noi sau \u00eembun\u0103t\u0103\u021bite<\/li>\n<li>Dezvoltarea de metode noi sau \u00eembun\u0103t\u0103\u021bite<\/li>\n<li>Acces la infrastructura de cercetare asistat\u0103 de personal calificat<\/li>\n<\/ul>\n\n\t\t<\/div> \n\t<\/div> <\/div><\/div><\/div><\/div><\/div>","protected":false},"excerpt":{"rendered":"Politica institutului nostru este axat\u0103 pe un sistem de valori care implic\u0103 performan\u021b\u0103, profesionalism \u0219i \u00eencredere. Ne dorim\/propunem ca tot mai multe dintre rezultatele noastre ajunse la diferite nivele de maturitate tehnologic\u0103 s\u0103-\u0219i g\u0103seasc\u0103 finalitatea practic\u0103 \u00een asimilarea lor de c\u0103tre mediul economic. Oferta noastr\u0103...","protected":false},"author":1,"featured_media":39,"parent":37,"menu_order":5,"comment_status":"closed","ping_status":"closed","template":"","meta":[],"_links":{"self":[{"href":"http:\/\/cit.itim-cj.ro\/en\/wp-json\/wp\/v2\/pages\/42"}],"collection":[{"href":"http:\/\/cit.itim-cj.ro\/en\/wp-json\/wp\/v2\/pages"}],"about":[{"href":"http:\/\/cit.itim-cj.ro\/en\/wp-json\/wp\/v2\/types\/page"}],"author":[{"embeddable":true,"href":"http:\/\/cit.itim-cj.ro\/en\/wp-json\/wp\/v2\/users\/1"}],"replies":[{"embeddable":true,"href":"http:\/\/cit.itim-cj.ro\/en\/wp-json\/wp\/v2\/comments?post=42"}],"version-history":[{"count":18,"href":"http:\/\/cit.itim-cj.ro\/en\/wp-json\/wp\/v2\/pages\/42\/revisions"}],"predecessor-version":[{"id":17236,"href":"http:\/\/cit.itim-cj.ro\/en\/wp-json\/wp\/v2\/pages\/42\/revisions\/17236"}],"up":[{"embeddable":true,"href":"http:\/\/cit.itim-cj.ro\/en\/wp-json\/wp\/v2\/pages\/37"}],"wp:featuredmedia":[{"embeddable":true,"href":"http:\/\/cit.itim-cj.ro\/en\/wp-json\/wp\/v2\/media\/39"}],"wp:attachment":[{"href":"http:\/\/cit.itim-cj.ro\/en\/wp-json\/wp\/v2\/media?parent=42"}],"curies":[{"name":"wp","href":"https:\/\/api.w.org\/{rel}","templated":true}]}}