{"id":37,"date":"2018-01-28T20:26:18","date_gmt":"2018-01-28T20:26:18","guid":{"rendered":"http:\/\/cache2.itim-cj.ro\/ttc\/?page_id=37"},"modified":"2020-02-26T09:28:23","modified_gmt":"2020-02-26T09:28:23","slug":"oferta-pentru-industrie","status":"publish","type":"page","link":"http:\/\/cit.itim-cj.ro\/en\/oferta-pentru-industrie\/","title":{"rendered":"Oferta pentru industrie"},"content":{"rendered":"<div   data-q_id=\"#oferta_pentru_industrie\"    class=\"vc_row wpb_row section vc_row-fluid\" style=' text-align:left;'><div class=\"full_section_inner clearfix\"><div class=\"wpb_column vc_column_container vc_col-sm-12\"><div class=\"vc_column-inner\"><div class=\"wpb_wrapper\">\n\t<div class=\"wpb_text_column wpb_content_element\">\n\t\t<div class=\"wpb_wrapper\">\n\t\t\t<div class=\"wp-container-3 wp-block-columns has-2-columns\">\n<div class=\"wp-container-1 wp-block-column\">\n<p align=\"justify\">Inovarea determin\u0103 o cre\u0219tere a calit\u0103\u021bii vietii \u0219i poate furniza solu\u021bii pentru rezolvarea celor mai mari provoc\u0103ri sociale. Cuno\u0219tin\u021bele unui om de \u015ftiin\u0163\u0103, creativitatea \u0219i capacitatea sa de rezolvare a problemelor genereaz\u0103 solu\u0163ii ingenioase, inovative, folositoare pentru asigurarea progresului.<\/p>\n<p align=\"justify\">\u00cen peste 65 de ani de activitate a institutului am dob\u00e2ndit o \u00eenalt\u0103 expertiz\u0103 \u0219i am ob\u021binut numeroase rezultate, iar acum suntem preg\u0103ti\u021bi s\u0103 le g\u0103sim utilizare \u00een mediul industrial, s\u0103 ini\u021biem noi parteneriate cu industria pentru rezolvarea problemelor cu care se confrunt\u0103 \u0219i s\u0103 contribuim la dezvoltarea de produse \u0219i servicii.<\/p>\n<\/div>\n<div class=\"wp-container-2 wp-block-column\">\n<figure class=\"wp-block-image\"><img loading=\"lazy\" width=\"1024\" height=\"500\" class=\"wp-image-16765\" src=\"http:\/\/cache2.itim-cj.ro\/ttc\/wp-content\/uploads\/2019\/05\/digitization-1024x500.jpg\" alt=\"\" srcset=\"http:\/\/cit.itim-cj.ro\/wp-content\/uploads\/2019\/05\/digitization-1024x500.jpg 1024w, http:\/\/cit.itim-cj.ro\/wp-content\/uploads\/2019\/05\/digitization-300x146.jpg 300w, http:\/\/cit.itim-cj.ro\/wp-content\/uploads\/2019\/05\/digitization-768x375.jpg 768w, http:\/\/cit.itim-cj.ro\/wp-content\/uploads\/2019\/05\/digitization-700x342.jpg 700w, http:\/\/cit.itim-cj.ro\/wp-content\/uploads\/2019\/05\/digitization.jpg 1912w\" sizes=\"(max-width: 1024px) 100vw, 1024px\" \/><\/figure>\n<\/div>\n<\/div>\n<p align=\"justify\">Preocuparea crescut\u0103 pentru hrana de calitate este jusificat\u0103 \u00een situa\u021bia \u00een care produc\u021bia \u00eencearc\u0103 s\u0103 \u021bin\u0103 pasul cu consumul tot mai mare, unele boli nu mai pot fi tratate de medicina conven\u021bional\u0103 pentru aceasta e nevoie de medicamente optimizate \u0219i utilizarea nanomedicinei la scara mai mare, nanotehnologia este folosit\u0103 zilnic, de toat\u0103 lumea, \u00eencep\u00e2nd cu via\u0163a domestic\u0103 \u015fi temin\u00e2nd cu hobyurile ceea ce \u00eenseamn\u0103 c\u0103 solu\u0163iile tehnologice trebuie furnizate permanent. \u00cen mod continuu suntem deschi\u0219i s\u0103 identific\u0103m \u0219i s\u0103 rezolv\u0103m noi teme de cercetare rezultate din colabor\u0103ri str\u00e2nse cu mediul economic.<\/p>\n<p align=\"justify\">Procesul de inovare nu trebuie privit ca un proces magic, ci ca o activitate continu\u0103 prin care se poate avansa cu pa\u015fi siguri pe calea cre\u0219terii competitivit\u0103\u021bii \u0219i ob\u021binerea de produse performante: saltul calitativ este posibil \u00een urma acumul\u0103rilor cantitative!<\/p>\n<p align=\"justify\">Prin intermediul Centrului de Informare Tehnologic\u0103 al INCDTIM Cluj-Napoca pute\u021bi afla noile oportunit\u0103\u021bi de colaborare cu institutul. Prezentarea expertizei \u0219i a rezultatelor noastre este una sintetic\u0103, echipa CIT este deschis\u0103 la \u00a0dialog pentru a reu\u0219i o valorificare maxim\u0103 a acestora. De asemenea, prin contacte directe putem afla nevoile de inovare ale companiilor \u0219i ne propunem s\u0103 g\u0103sim solu\u021bii \u00een rezolvarea acestora.<\/p>\n<p align=\"justify\">Ne dorim ca cercet\u0103rile noastre s\u0103 aib\u0103 un impact semnificativ \u00een comunitatea local\u0103 dar \u0219i la nivel na\u021bional \u0219i interna\u021bional.<\/p>\n\n\t\t<\/div> \n\t<\/div> <\/div><\/div><\/div><\/div><\/div>","protected":false},"excerpt":{"rendered":"Inovarea determin\u0103 o cre\u0219tere a calit\u0103\u021bii vietii \u0219i poate furniza solu\u021bii pentru rezolvarea celor mai mari provoc\u0103ri sociale. Cuno\u0219tin\u021bele unui om de \u015ftiin\u0163\u0103, creativitatea \u0219i capacitatea sa de rezolvare a problemelor genereaz\u0103 solu\u0163ii ingenioase, inovative, folositoare pentru asigurarea progresului. \u00cen peste 65 de ani de...","protected":false},"author":1,"featured_media":16765,"parent":0,"menu_order":2,"comment_status":"closed","ping_status":"closed","template":"","meta":[],"_links":{"self":[{"href":"http:\/\/cit.itim-cj.ro\/en\/wp-json\/wp\/v2\/pages\/37"}],"collection":[{"href":"http:\/\/cit.itim-cj.ro\/en\/wp-json\/wp\/v2\/pages"}],"about":[{"href":"http:\/\/cit.itim-cj.ro\/en\/wp-json\/wp\/v2\/types\/page"}],"author":[{"embeddable":true,"href":"http:\/\/cit.itim-cj.ro\/en\/wp-json\/wp\/v2\/users\/1"}],"replies":[{"embeddable":true,"href":"http:\/\/cit.itim-cj.ro\/en\/wp-json\/wp\/v2\/comments?post=37"}],"version-history":[{"count":22,"href":"http:\/\/cit.itim-cj.ro\/en\/wp-json\/wp\/v2\/pages\/37\/revisions"}],"predecessor-version":[{"id":16957,"href":"http:\/\/cit.itim-cj.ro\/en\/wp-json\/wp\/v2\/pages\/37\/revisions\/16957"}],"wp:featuredmedia":[{"embeddable":true,"href":"http:\/\/cit.itim-cj.ro\/en\/wp-json\/wp\/v2\/media\/16765"}],"wp:attachment":[{"href":"http:\/\/cit.itim-cj.ro\/en\/wp-json\/wp\/v2\/media?parent=37"}],"curies":[{"name":"wp","href":"https:\/\/api.w.org\/{rel}","templated":true}]}}