{"id":17680,"date":"2021-01-04T15:49:58","date_gmt":"2021-01-04T13:49:58","guid":{"rendered":"http:\/\/cit.itim-cj.ro\/?page_id=17680"},"modified":"2021-10-01T07:58:45","modified_gmt":"2021-10-01T04:58:45","slug":"poveste-de-succes-raport-final-contract-subsidiar-etera-prod","status":"publish","type":"page","link":"http:\/\/cit.itim-cj.ro\/en\/poveste-de-succes-raport-final-contract-subsidiar-etera-prod\/","title":{"rendered":"Poveste de succes &#8211; Raport final Contract subsidiar Etera Prod"},"content":{"rendered":"<div      class=\"vc_row wpb_row section vc_row-fluid\" style=' text-align:left;'><div class=\"full_section_inner clearfix\"><div class=\"wpb_column vc_column_container vc_col-sm-3\"><div class=\"vc_column-inner\"><div class=\"wpb_wrapper\"><div  class=\"wpb_widgetised_column wpb_content_element\">\n\t\t<div class=\"wpb_wrapper\">\n\t\t\t\n\t\t\t<div class=\"widget widget_nav_menu\"><h5>Poveste de succes<\/h5><div class=\"menu-lista_succes-container\"><ul id=\"menu-lista_succes\" class=\"menu\"><li id=\"menu-item-17921\" class=\"menu-item menu-item-type-post_type menu-item-object-page menu-item-17921\"><a href=\"http:\/\/cit.itim-cj.ro\/en\/poveste-de-succes-raport-final-contract-subsidiar-teracrystal\/\">Contract subsidiar TeraCrystal<\/a><\/li>\n<li id=\"menu-item-17687\" class=\"menu-item menu-item-type-post_type menu-item-object-page menu-item-17687\"><a href=\"http:\/\/cit.itim-cj.ro\/en\/poveste-de-succes-raport-final-contract-subsidiar-etera-prod\/\">Contract subsidiar Etera Prod<\/a><\/li>\n<li id=\"menu-item-17686\" class=\"menu-item menu-item-type-post_type menu-item-object-page menu-item-17686\"><a href=\"http:\/\/cit.itim-cj.ro\/en\/poveste-de-succes-raport-final-contract-subsidiar-parapharm\/\">Contract subsidiar Parapharm<\/a><\/li>\n<li id=\"menu-item-17819\" class=\"menu-item menu-item-type-post_type menu-item-object-page menu-item-17819\"><a href=\"http:\/\/cit.itim-cj.ro\/en\/poveste-de-succes-raport-final-contract-subsidiar-icpe-bistrita\/\">Contract subsidiar ICPE Bistri\u021ba<\/a><\/li>\n<li id=\"menu-item-17853\" class=\"menu-item menu-item-type-post_type menu-item-object-page menu-item-17853\"><a href=\"http:\/\/cit.itim-cj.ro\/en\/poveste-de-succes-raport-final-contract-subsidiar-agro-cosm-fan\/\">Contract subsidiar Agro Cosm Fan 1<\/a><\/li>\n<li id=\"menu-item-17880\" class=\"menu-item menu-item-type-post_type menu-item-object-page menu-item-17880\"><a href=\"http:\/\/cit.itim-cj.ro\/en\/poveste-de-succes-raport-final-contract-subsidiar-agro-cosm-fan-2\/\">Contract subsidiar Agro Cosm Fan 2<\/a><\/li>\n<\/ul><\/div><\/div>\n\t\t<\/div>\n\t<\/div>\n<\/div><\/div><\/div><div class=\"wpb_column vc_column_container vc_col-sm-9\"><div class=\"vc_column-inner\"><div class=\"wpb_wrapper\">\n\t<div class=\"wpb_text_column wpb_content_element\">\n\t\t<div class=\"wpb_wrapper\">\n\t\t\t<h3>Protec\u021bie solar\u0103 de la fructe<\/h3>\n\n\t\t<\/div> \n\t<\/div> <div class=\"separator  transparent\" style=\"\"><\/div>\n\n\t<div class=\"wpb_single_image wpb_content_element vc_align_center\">\n\t\t<div class=\"wpb_wrapper\">\n\t\t\t\n\t\t\t<div class=\"vc_single_image-wrapper vc_box_shadow  vc_box_border_grey\"><img width=\"1000\" height=\"439\" src=\"http:\/\/cit.itim-cj.ro\/wp-content\/uploads\/2021\/01\/etera.jpg\" class=\"vc_single_image-img attachment-full\" alt=\"\" loading=\"lazy\" srcset=\"http:\/\/cit.itim-cj.ro\/wp-content\/uploads\/2021\/01\/etera.jpg 1000w, http:\/\/cit.itim-cj.ro\/wp-content\/uploads\/2021\/01\/etera-300x132.jpg 300w, http:\/\/cit.itim-cj.ro\/wp-content\/uploads\/2021\/01\/etera-768x337.jpg 768w, http:\/\/cit.itim-cj.ro\/wp-content\/uploads\/2021\/01\/etera-16x7.jpg 16w, http:\/\/cit.itim-cj.ro\/wp-content\/uploads\/2021\/01\/etera-700x307.jpg 700w\" sizes=\"(max-width: 1000px) 100vw, 1000px\" \/><\/div>\n\t\t<\/div>\n\t<\/div>\n<\/div><\/div><\/div><\/div><\/div><div      class=\"vc_row wpb_row section vc_row-fluid\" style=' text-align:left;'><div class=\"full_section_inner clearfix\"><div class=\"wpb_column vc_column_container vc_col-sm-3\"><div class=\"vc_column-inner\"><div class=\"wpb_wrapper\"><\/div><\/div><\/div><div class=\"wpb_column vc_column_container vc_col-sm-9\"><div class=\"vc_column-inner\"><div class=\"wpb_wrapper\">\n\t<div class=\"wpb_text_column wpb_content_element\">\n\t\t<div class=\"wpb_wrapper\">\n\t\t\t<p align=\"justify\">Supraexpunerea la soare este adesea extrem de nociv\u0103 din cauza radia\u021biilor ultraviolete (UV) care pot provoca de la arsuri solare \u0219i \u00eemb\u0103tr\u00e2nirea pielii, p\u00e2n\u0103 la cancer de piele. Din acest motiv, este necesar\u0103 utilizarea zilnic\u0103 a produselor cu factor de protec\u021bie solar\u0103. Cea mai bun\u0103 crem\u0103 de protec\u021bie solar\u0103 trebuie s\u0103 protejeze at\u00e2t de razele UVB (care ard pielea), c\u00e2t \u0219i de cele UVA (care sporesc pericolul apari\u021biei cancerului de piele, a alergiilor solare \u0219i a ridurilor).<\/p>\n<p align=\"justify\">Pentru a evita efectele nocive ale unor substan\u0163e chimice sintetice, aflate \u00een preparate cosmetice precum deriva\u021bii de acid aminobenzoic, benzofenone, cinamat, salicila\u021bi, sau anorganice, precum dioxidul de titan \u0219i oxidul de zinc, dezvoltarea produselor cu protec\u021bie solar\u0103, pe baz\u0103 de plante, a devenit de mare actualitate.<\/p>\n<p align=\"justify\">\u00cen ultima perioad\u0103, s-au dezvoltat noi produse de protec\u021bie solar\u0103 cu extracte din plante, produsele fiind sigure \u0219i acceptate pe scar\u0103 larg\u0103 de consumatori. Aceste produse \u00eembun\u0103t\u0103\u021besc, de asemenea, protec\u021bia \u00eempotriva carcinogenezei. Eficacitatea unui produs destinat protec\u021biei solare este exprimat\u0103 prin factorul de protec\u021bie solar\u0103 (SPF \u2013 sun protection factor), protec\u021bia fiind cu at\u00e2t mai bun\u0103 cu c\u00e2t valoarea SPF este mai mare.<\/p>\n<p align=\"justify\">Din multitudinea de compu\u0219i bioactivi, compu\u0219ii fenolici au un rol deosebit de important \u00een absorb\u021bia razelor UV, \u00een special a celor cu lungimi de und\u0103 cuprinse \u00eentre 200 nm \u0219i 400 nm, av\u00e2nd structuri similare cu filtrele UV sintetice.<br \/>De asemenea, exist\u0103 un interes din ce \u00een ce mai mare pentru antioxidan\u021bii din surse naturale \u00een produsele cu protec\u021bie solar\u0103, ace\u0219tia put\u00e2nd fi utiliza\u021bi pentru tratamentul \u0219i preven\u021bia bolilor favorizate de radia\u021biile UV.<\/p>\n<p align=\"justify\">Datorit\u0103 beneficiilor aduse de compu\u0219ii naturali \u015fi acceptarea accestora de c\u0103tre utilizatori, dezvoltarea de produse cosmetice naturale, care au capacitatea de a absorbi radia\u021biile ultraviolete, prezint\u0103 un interes tot mai mare. \u00cen acest context s-a derulat contractul de cercetare dintre INCDTIM \u0219i SC Etera Prod SRL, \u00een cadrul c\u0103ruia au fost c\u0103utate noi surse autohtone de compu\u0219i bioactivi cu propriet\u0103\u021bi fotoprotectoare \u0219i antioxidante, din dorin\u021ba de a se asigura o eficien\u021b\u0103 ridicat\u0103 a produselor \u0219i un pre\u021b sc\u0103zut de produc\u021bie. De asemenea, a fost urm\u0103rit\u0103 eficientizarea metodei de extrac\u021bie pentru a se reduce consumul de reactivi, timpul de produc\u021bie \u0219i gradul de poluare a mediului.<\/p>\n<p align=\"justify\">Pentru atingerea acestor scopuri, pornind de la cuno\u0219tin\u021bele existente \u00een ceea ce prive\u0219te activitatea biologic\u0103 a c\u0103tinei, am aprofundat studiul propriet\u0103\u021bilor altor dou\u0103 fructe autohtone bogate \u00een compu\u0219i polifenolici \u0219i cu activitate antioxidant\u0103 ridicat\u0103: mere \u0219i porumbe. Acestea se g\u0103sesc din abunden\u021b\u0103 \u00een Transilvania, c\u0103tina fiind mult utilizat\u0103 \u00een prezent \u00een industria cosmetic\u0103, dar porumbele au fost rar folosite p\u00e2n\u0103 acum.<\/p>\n\n\t\t<\/div> \n\t<\/div> <\/div><\/div><\/div><\/div><\/div><div      class=\"vc_row wpb_row section vc_row-fluid\" style=' text-align:left;'><div class=\"full_section_inner clearfix\"><div class=\"wpb_column vc_column_container vc_col-sm-3\"><div class=\"vc_column-inner\"><div class=\"wpb_wrapper\"><\/div><\/div><\/div><div class=\"wpb_column vc_column_container vc_col-sm-9\"><div class=\"vc_column-inner\"><div class=\"wpb_wrapper\">\n\t<div class=\"wpb_text_column wpb_content_element\">\n\t\t<div class=\"wpb_wrapper\">\n\t\t\t<div align=\"justify\">\n<p><strong><img loading=\"lazy\" class=\"alignright wp-image-17699\" src=\"http:\/\/cit.itim-cj.ro\/wp-content\/uploads\/2021\/01\/mere-catina-porumbel-01-300x263.jpg\" alt=\"\" width=\"350\" height=\"307\" srcset=\"http:\/\/cit.itim-cj.ro\/wp-content\/uploads\/2021\/01\/mere-catina-porumbel-01-300x263.jpg 300w, http:\/\/cit.itim-cj.ro\/wp-content\/uploads\/2021\/01\/mere-catina-porumbel-01-1024x899.jpg 1024w, http:\/\/cit.itim-cj.ro\/wp-content\/uploads\/2021\/01\/mere-catina-porumbel-01-768x674.jpg 768w, http:\/\/cit.itim-cj.ro\/wp-content\/uploads\/2021\/01\/mere-catina-porumbel-01-14x12.jpg 14w, http:\/\/cit.itim-cj.ro\/wp-content\/uploads\/2021\/01\/mere-catina-porumbel-01-700x614.jpg 700w, http:\/\/cit.itim-cj.ro\/wp-content\/uploads\/2021\/01\/mere-catina-porumbel-01.jpg 1046w\" sizes=\"(max-width: 350px) 100vw, 350px\" \/>C\u0103tina<\/strong> este un arbust originar din Europa \u0219i Asia. Exist\u0103 mai mult de 150 de specii de c\u0103tin\u0103 \u0219i \u00eenc\u0103 se lucreaz\u0103 la ob\u021binerea de soiuri noi, dat fiind faptul c\u0103 fructele de c\u0103tin\u0103 sunt o surs\u0103 bogat\u0103 de substan\u021be bioactive, precum izoflavonele \u0219i flavonoidele, care au diverse efecte benefice asupra s\u0103n\u0103t\u0103\u021bii. Propriet\u0103\u021bile antioxidante sunt atribuite compu\u0219ilor hidrofili \u0219i lipofili (acid ascorbic, flavonoide, proantocianidine, carotenoizi).<\/p>\n<p><strong>Merele<\/strong> sunt consumate \u0219i prelucrate \u00een cantit\u0103\u021bi mari \u00een diferite \u021b\u0103ri din \u00eentreaga lume \u0219i sunt utilizate ca materie prim\u0103 pentru extrac\u021bia pectinei \u0219i a acidului citric, produc\u021bia de etanol \u0219i produc\u021bia de enzime. Compu\u0219ii polifenolici prezen\u021bi \u00een mere au beneficii pentru s\u0103n\u0103tate \u0219i prezint\u0103 activitate anticarcinogen\u0103. Polifenolii cei mai importan\u021bi prezen\u021bi \u00een mere sunt acidul clorogenic, glucozidele de floretin\u0103 \u0219i glucozidele de quercetin\u0103.<\/p>\n<p><strong>Porumbele<\/strong> (<em>Prunus spinosa<\/em>) sunt cunoscute pentru propriet\u0103\u021bile lor astringente \u0219i sunt utilizate \u00een tratamentul diferitelor afec\u021biuni. Al\u0103turi de consumul \u00een scop medicinal, ele sunt utilizate \u0219i \u00een industria alimentar\u0103 pentru producerea de gemuri, vin, ceai sau sucuri. Porumbele au fost recunoscute de mai multe grupuri de cercetare ca o nou\u0103 \u0219i valoroas\u0103 surs\u0103 de antioxidan\u021bi. S-a raportat c\u0103 fructele sunt o surs\u0103 bogat\u0103 de fenoli (acizi fenolici, antocianine, flavanoli). Ace\u0219ti compu\u0219i joac\u0103 un rol semnificativ \u00een capacitatea antioxidant\u0103 a extractelor.<\/p>\n<\/div>\n\n\t\t<\/div> \n\t<\/div> <\/div><\/div><\/div><\/div><\/div><div      class=\"vc_row wpb_row section vc_row-fluid\" style=' text-align:left;'><div class=\"full_section_inner clearfix\"><div class=\"wpb_column vc_column_container vc_col-sm-3\"><div class=\"vc_column-inner\"><div class=\"wpb_wrapper\"><\/div><\/div><\/div><div class=\"wpb_column vc_column_container vc_col-sm-9\"><div class=\"vc_column-inner\"><div class=\"wpb_wrapper\">\n\t<div class=\"wpb_text_column wpb_content_element\">\n\t\t<div class=\"wpb_wrapper\">\n\t\t\t<div align=\"justify\">\n<p>Extractele vegetale sunt preparate fluide, moi sau uscate, ob\u0163inute prin extrac\u0163ia compu\u0219ilor bioactivi din materiale vegetale utiliz\u00e2nd diferi\u0163i solven\u0163i, urmat\u0103 de evaporarea par\u0163ial\u0103 sau total\u0103 a solventului \u015fi aducerea masei reziduale la concentra\u0163ia sau consisten\u0163a dorit\u0103.-a raportat c\u0103 fructele sunt o surs\u0103 bogat\u0103 de fenoli (acizi fenolici, antocianine, flavanoli). Ace\u0219ti compu\u0219i joac\u0103 un rol semnificativ \u00een capacitatea antioxidant\u0103 a extractelor.<\/p>\n<p>Perfec\u0163ionarea metodelor de extrac\u0163ie reprezint\u0103 o preocupare major\u0103 \u00een cercetare. Tehnicile moderne de extrac\u0163ie se eficientizeaz\u0103 \u00een vederea acceler\u0103rii procesului, urm\u0103rind \u00een acela\u015fi timp \u015fi \u00eembun\u0103t\u0103\u0163irea calitativ\u0103 \u015fi cantitativ\u0103 \u00een principii active a extractului. Metodele de caracterizare a extractelor depind de principiile active urm\u0103rite.<\/p>\n<\/div>\n\n\t\t<\/div> \n\t<\/div> <\/div><\/div><\/div><\/div><\/div><div      class=\"vc_row wpb_row section vc_row-fluid\" style=' text-align:left;'><div class=\"full_section_inner clearfix\"><div class=\"wpb_column vc_column_container vc_col-sm-3\"><div class=\"vc_column-inner\"><div class=\"wpb_wrapper\"><\/div><\/div><\/div><div class=\"wpb_column vc_column_container vc_col-sm-9\"><div class=\"vc_column-inner\"><div class=\"wpb_wrapper\">\n\t<div class=\"wpb_text_column wpb_content_element  vc_custom_1609843058304\">\n\t\t<div class=\"wpb_wrapper\">\n\t\t\t<div align=\"justify\">\n<h4>Obiectivul principal al contractului l-a constituit dezvoltarea \u015fi testarea eficien\u0163ei unor formul\u0103ri cosmetice noi ob\u0163inute prin substituirea filtrelor UV sintetice cu componen\u021bi bioactivi extra\u015fi din fructe de m\u0103r, c\u0103tin\u0103 \u0219i porumbe.<\/h4>\n<\/div>\n\n\t\t<\/div> \n\t<\/div> <\/div><\/div><\/div><\/div><\/div><div      class=\"vc_row wpb_row section vc_row-fluid\" style=' text-align:left;'><div class=\"full_section_inner clearfix\"><div class=\"wpb_column vc_column_container vc_col-sm-3\"><div class=\"vc_column-inner\"><div class=\"wpb_wrapper\"><\/div><\/div><\/div><div class=\"wpb_column vc_column_container vc_col-sm-9\"><div class=\"vc_column-inner\"><div class=\"wpb_wrapper\">\n\t<div class=\"wpb_text_column wpb_content_element\">\n\t\t<div class=\"wpb_wrapper\">\n\t\t\t<div align=\"justify\">\n<p>\u00cen vederea \u00eendeplinirii obiectivului propus \u00een contractul subsidiar \u00eencheiat cu firma SC Etera Prod SRL, au fost abordate toate etapele p\u00e2n\u0103 la elaborarea produsului, \u0219i anume:<\/p>\n<p style=\"padding-left: 40px;\"><span style=\"color: #e47725;\"><strong>\u221a<\/strong><\/span>\u00a0Dezvoltarea unor metode de extrac\u0163ie cu randament crescut \u00een principii active de tip polifenoli<br \/><span style=\"color: #e47725;\"><strong>\u221a<\/strong><\/span> Evaluarea activit\u0103\u0163ii antioxidante a extractelor ob\u0163inute<br \/><span style=\"color: #e47725;\"><strong>\u221a <\/strong><\/span>Compararea extractelor ob\u0163inute cu cele din comer\u021b, pe care Etera Prod SRL le folose\u0219te \u00een prezent<br \/><span style=\"color: #e47725;\"><strong>\u221a<\/strong><\/span> Determinarea activit\u0103\u0163ii fotoprotectoare a extractelor selectate<br \/><span style=\"color: #e47725;\"><strong>\u221a<\/strong><\/span> Ob\u0163inerea unor formul\u0103ri cosmetice cu protec\u0163ie solar\u0103 \u00eembun\u0103t\u0103\u021bit\u0103<br \/><span style=\"color: #e47725;\"><strong>\u221a<\/strong><\/span> Evaluarea factorului de protec\u0163ie solar\u0103 pentru formul\u0103rile cosmetice<br \/><span style=\"color: #e47725;\"><strong>\u221a<\/strong><\/span> Elaborarea formul\u0103rii cosmetice cu protec\u021bie solar\u0103 \u00eembun\u0103t\u0103\u021bit\u0103.<\/p>\n<p>Implementarea contractului a fost realizat\u0103 de c\u0103tre o echip\u0103 de chimi\u0219ti \u0219i ingineri chimi\u0219ti alc\u0103tuit\u0103 din 11 membri, dintre ace\u0219tia 7 sunt din partea institutului de cercetare, iar 4 chimi\u0219ti \u0219i ingineri chimi\u0219ti au format echipa din partea firmei.<\/p>\n<p>Pentru toate cele trei fructe studiate au fost optimizate metodele de ob\u021binere a extractelor polifenolice, a celor cu capacitate antioxidant\u0103 \u015fi cu capacitate fotoprotectoare, test\u00e2nd trei tehnici de extrac\u021bie: ultrasonare, refluxare \u015fi presare la rece. De asemenea, s-a determinat efectul sinergic, privind protec\u021bia solar\u0103, al extractelor selectate \u015fi fotostabilitatea acestora. Extractele cu cele mai bune propriet\u0103\u021bi au fost \u00eenglobate \u00een formul\u0103ri cosmetice.<\/p>\n<p>Din datele experimentale s-a observat c\u0103 pentru lo\u0163iunea care con\u0163ine amestecul de extracte c\u0103tin\u0103:porumbele:mere \u00een concentra\u0163ie de 30% s-a ob\u0163inut cea mai mare valoare SPF.<\/p>\n<p><img loading=\"lazy\" class=\"alignnone size-large wp-image-17714\" src=\"http:\/\/cit.itim-cj.ro\/wp-content\/uploads\/2021\/01\/etera-prod2-01-1024x360.jpg\" alt=\"\" width=\"1024\" height=\"360\" srcset=\"http:\/\/cit.itim-cj.ro\/wp-content\/uploads\/2021\/01\/etera-prod2-01-1024x360.jpg 1024w, http:\/\/cit.itim-cj.ro\/wp-content\/uploads\/2021\/01\/etera-prod2-01-300x105.jpg 300w, http:\/\/cit.itim-cj.ro\/wp-content\/uploads\/2021\/01\/etera-prod2-01-768x270.jpg 768w, http:\/\/cit.itim-cj.ro\/wp-content\/uploads\/2021\/01\/etera-prod2-01-1536x540.jpg 1536w, http:\/\/cit.itim-cj.ro\/wp-content\/uploads\/2021\/01\/etera-prod2-01-2048x720.jpg 2048w, http:\/\/cit.itim-cj.ro\/wp-content\/uploads\/2021\/01\/etera-prod2-01-16x6.jpg 16w, http:\/\/cit.itim-cj.ro\/wp-content\/uploads\/2021\/01\/etera-prod2-01-700x246.jpg 700w\" sizes=\"(max-width: 1024px) 100vw, 1024px\" \/>Extractele ob\u021binute au fost comparate cu cele existente pe pia\u021b\u0103, maximul fiind \u00eenregistrat pentru c\u0103tin\u0103 (SPF 3.1), valoare semnificativ\u0103 pentru un extract natural nepoten\u021bat de alte componente provenite din sintez\u0103 chimic\u0103.<\/p>\n<p>Rezultatul ob\u021binut a fost transferat c\u0103tre SC Etera Prod SRL, iar \u00een urma unei analize cost\/beneficiu compania va decide \u00een final dac\u0103 \u00eel va include \u00een portofoliul s\u0103u de produse.<\/p>\n<\/div>\n\n\t\t<\/div> \n\t<\/div> <\/div><\/div><\/div><\/div><\/div><div      class=\"vc_row wpb_row section vc_row-fluid\" style=' text-align:left;'><div class=\"full_section_inner clearfix\"><div class=\"wpb_column vc_column_container vc_col-sm-3\"><div class=\"vc_column-inner\"><div class=\"wpb_wrapper\"><\/div><\/div><\/div><div class=\"wpb_column vc_column_container vc_col-sm-9\"><div class=\"vc_column-inner\"><div class=\"wpb_wrapper\">\n\t<div class=\"wpb_text_column wpb_content_element\">\n\t\t<div class=\"wpb_wrapper\">\n\t\t\t<div align=\"justify\">\n<p><em><strong>Contractul subsidiar Nr. 269\/08.06.2018 \u00eentre INCDTIM Cluj \u0219i SC Etera Prod SRL a fost derulat pe parcursul a 24 de luni. Din valoarea total\u0103 de 500.000 de lei a contractului, 62.500 de lei reprezint\u0103 contribu\u021bia privat\u0103 a companiei, iar restul de 437.500 de lei sunt ajutor de stat, acordat prin intermediul proiectului \u201cCre\u015fterea capacit\u0103\u0163ii de transfer tehnologic \u015fi de cuno\u015ftin\u0163e a INCDTIM Cluj \u00een domeniul bioeconomiei TTC-ITIM\u201d (Cod SMIS 105533), derulat \u00een cadrul Programului Opera\u021bional Competitivitate 2014-2020.<\/strong><\/em><\/p>\n<p><a href=\"\/wp-content\/uploads\/2021\/10\/Poveste-de-succes-Etera.pdf\" target=\"_blank\" rel=\"noopener noreferrer\">Descarc\u0103 Povestea de succes Etera Prod \u00een format pdf.<\/a><\/p>\n<\/div>\n\n\t\t<\/div> \n\t<\/div> <\/div><\/div><\/div><\/div><\/div>","protected":false},"excerpt":{"rendered":"Poveste de succesContract subsidiar TeraCrystal Contract subsidiar Etera Prod Contract subsidiar Parapharm Contract subsidiar ICPE Bistri\u021ba Contract subsidiar Agro Cosm Fan 1 Contract subsidiar Agro Cosm Fan 2 Protec\u021bie solar\u0103 de la fructe Supraexpunerea la soare este adesea extrem de nociv\u0103 din cauza radia\u021biilor ultraviolete...","protected":false},"author":1,"featured_media":0,"parent":0,"menu_order":0,"comment_status":"closed","ping_status":"closed","template":"","meta":[],"_links":{"self":[{"href":"http:\/\/cit.itim-cj.ro\/en\/wp-json\/wp\/v2\/pages\/17680"}],"collection":[{"href":"http:\/\/cit.itim-cj.ro\/en\/wp-json\/wp\/v2\/pages"}],"about":[{"href":"http:\/\/cit.itim-cj.ro\/en\/wp-json\/wp\/v2\/types\/page"}],"author":[{"embeddable":true,"href":"http:\/\/cit.itim-cj.ro\/en\/wp-json\/wp\/v2\/users\/1"}],"replies":[{"embeddable":true,"href":"http:\/\/cit.itim-cj.ro\/en\/wp-json\/wp\/v2\/comments?post=17680"}],"version-history":[{"count":37,"href":"http:\/\/cit.itim-cj.ro\/en\/wp-json\/wp\/v2\/pages\/17680\/revisions"}],"predecessor-version":[{"id":17946,"href":"http:\/\/cit.itim-cj.ro\/en\/wp-json\/wp\/v2\/pages\/17680\/revisions\/17946"}],"wp:attachment":[{"href":"http:\/\/cit.itim-cj.ro\/en\/wp-json\/wp\/v2\/media?parent=17680"}],"curies":[{"name":"wp","href":"https:\/\/api.w.org\/{rel}","templated":true}]}}