{"id":16380,"date":"2018-02-27T18:29:39","date_gmt":"2018-02-27T18:29:39","guid":{"rendered":"http:\/\/cache2.itim-cj.ro\/ttc\/?page_id=16380"},"modified":"2018-09-06T10:01:06","modified_gmt":"2018-09-06T10:01:06","slug":"sitemap","status":"publish","type":"page","link":"http:\/\/cit.itim-cj.ro\/en\/sitemap\/","title":{"rendered":"Sitemap"},"content":{"rendered":"<div class=\"wsp-container\"><h2 class=\"wsp-pages-title\">Pages<\/h2>\n<ul class=\"wsp-pages-list\">\n<li class=\"page_item page-item-16351\"><a href=\"http:\/\/cit.itim-cj.ro\/en\/detalii-trl\/\">Detalii TRL<\/a><\/li>\n<li class=\"page_item page-item-17021\"><a href=\"http:\/\/cit.itim-cj.ro\/en\/expertiza_ttc\/\">Expertiz\u0103<\/a><\/li>\n<li class=\"page_item page-item-15234\"><a href=\"http:\/\/cit.itim-cj.ro\/en\/\">Home<\/a><\/li>\n<li class=\"page_item page-item-17410\"><a href=\"http:\/\/cit.itim-cj.ro\/en\/oferta-de-rezultate\/\">Offer of results<\/a><\/li>\n<li class=\"page_item page-item-17842\"><a href=\"http:\/\/cit.itim-cj.ro\/en\/poveste-de-succes-raport-final-contract-subsidiar-agro-cosm-fan\/\">Poveste de succes &#8211; Raport final contract subsidiar Agro Cosm Fan 1<\/a><\/li>\n<li class=\"page_item page-item-17876\"><a href=\"http:\/\/cit.itim-cj.ro\/en\/poveste-de-succes-raport-final-contract-subsidiar-agro-cosm-fan-2\/\">Poveste de succes &#8211; Raport final Contract subsidiar Agro Cosm Fan 2<\/a><\/li>\n<li class=\"page_item page-item-17680\"><a href=\"http:\/\/cit.itim-cj.ro\/en\/poveste-de-succes-raport-final-contract-subsidiar-etera-prod\/\">Poveste de succes &#8211; Raport final Contract subsidiar Etera Prod<\/a><\/li>\n<li class=\"page_item page-item-17800\"><a href=\"http:\/\/cit.itim-cj.ro\/en\/poveste-de-succes-raport-final-contract-subsidiar-icpe-bistrita\/\">Poveste de succes &#8211; Raport final contract subsidiar ICPE Bistri\u021ba<\/a><\/li>\n<li class=\"page_item page-item-17683\"><a href=\"http:\/\/cit.itim-cj.ro\/en\/poveste-de-succes-raport-final-contract-subsidiar-parapharm\/\">Poveste de succes &#8211; Raport final Contract subsidiar Parapharm<\/a><\/li>\n<li class=\"page_item page-item-17898\"><a href=\"http:\/\/cit.itim-cj.ro\/en\/poveste-de-succes-raport-final-contract-subsidiar-teracrystal\/\">Poveste de succes &#8211; Raport final contract subsidiar TeraCrystal<\/a><\/li>\n<li class=\"page_item page-item-17135\"><a href=\"http:\/\/cit.itim-cj.ro\/en\/servicii-de-obtinere-si-caracterizare-a-compusilor-bioactivi\/\">Servicii de ob\u0163inere \u015fi caracterizare a formelor solide specifice compu\u015filor bioactivi<\/a><\/li>\n<li class=\"page_item page-item-37 page_item_has_children\"><a href=\"http:\/\/cit.itim-cj.ro\/en\/oferta-pentru-industrie\/\">Oferta pentru industrie<\/a>\n<ul class='children'>\n\t<li class=\"page_item page-item-42\"><a href=\"http:\/\/cit.itim-cj.ro\/en\/oferta-pentru-industrie\/oferta-de-colaborare\/\">Ofert\u0103 de colaborare<\/a><\/li>\n<\/ul>\n<\/li>\n<li class=\"page_item page-item-59 page_item_has_children\"><a href=\"http:\/\/cit.itim-cj.ro\/en\/resurse-pentru-cercetatori\/\">Resurse pentru cercet\u0103tori<\/a>\n<ul class='children'>\n\t<li class=\"page_item page-item-55\"><a href=\"http:\/\/cit.itim-cj.ro\/en\/resurse-pentru-cercetatori\/procedura-standard-de-raportare-a-rezultatelor-transferabile\/\">Procedur\u0103 standard de raportare a rezultatelor transferabile<\/a><\/li>\n\t<li class=\"page_item page-item-57 page_item_has_children\"><a href=\"http:\/\/cit.itim-cj.ro\/en\/resurse-pentru-cercetatori\/learning\/\">Resurse<\/a>\n\t<ul class='children'>\n\t\t<li class=\"page_item page-item-63\"><a href=\"http:\/\/cit.itim-cj.ro\/en\/resurse-pentru-cercetatori\/learning\/legislatie\/\">Legisla\u021bie<\/a><\/li>\n\t\t<li class=\"page_item page-item-65\"><a href=\"http:\/\/cit.itim-cj.ro\/en\/resurse-pentru-cercetatori\/learning\/trl\/\">TRL<\/a><\/li>\n\t\t<li class=\"page_item page-item-67\"><a href=\"http:\/\/cit.itim-cj.ro\/en\/resurse-pentru-cercetatori\/learning\/brevetare\/\">Brevetare<\/a><\/li>\n\t\t<li class=\"page_item page-item-69\"><a href=\"http:\/\/cit.itim-cj.ro\/en\/resurse-pentru-cercetatori\/learning\/transfer-tehnologic\/\">Transfer tehnologic<\/a><\/li>\n\t\t<li class=\"page_item page-item-71\"><a href=\"http:\/\/cit.itim-cj.ro\/en\/resurse-pentru-cercetatori\/learning\/cercetare-sponsorizata\/\">Cercetare Contractual\u0103<\/a><\/li>\n\t<\/ul>\n<\/li>\n\t<li class=\"page_item page-item-74 page_item_has_children\"><a href=\"http:\/\/cit.itim-cj.ro\/en\/resurse-pentru-cercetatori\/useful-docs-2\/\">Documente utile<\/a>\n\t<ul class='children'>\n\t\t<li class=\"page_item page-item-76\"><a href=\"http:\/\/cit.itim-cj.ro\/en\/resurse-pentru-cercetatori\/useful-docs-2\/acord-de-confidentialitate\/\">Acord de confiden\u021bialitate<\/a><\/li>\n\t\t<li class=\"page_item page-item-78\"><a href=\"http:\/\/cit.itim-cj.ro\/en\/resurse-pentru-cercetatori\/useful-docs-2\/model-de-contract\/\">Model de contract<\/a><\/li>\n\t<\/ul>\n<\/li>\n<\/ul>\n<\/li>\n<li class=\"page_item page-item-15284\"><a href=\"http:\/\/cit.itim-cj.ro\/en\/echipa\/\">Echipa<\/a><\/li>\n<li class=\"page_item page-item-1815 page_item_has_children current_page_parent\"><a href=\"http:\/\/cit.itim-cj.ro\/en\/noutati\/\">News<\/a>\n<ul class='children'>\n\t<li class=\"page_item page-item-16121\"><a href=\"http:\/\/cit.itim-cj.ro\/en\/noutati\/presa-scrisa\/\">Presa scris\u0103<\/a><\/li>\n<\/ul>\n<\/li>\n<li class=\"page_item page-item-9894\"><a href=\"http:\/\/cit.itim-cj.ro\/en\/aparitii-tv\/\">Apari\u021bii TV<\/a><\/li>\n<li class=\"page_item page-item-1452\"><a href=\"http:\/\/cit.itim-cj.ro\/en\/contact\/\">Contact<\/a><\/li>\n<li class=\"page_item page-item-16380\"><a href=\"http:\/\/cit.itim-cj.ro\/en\/sitemap\/\">Sitemap<\/a><\/li>\n<\/ul>\n<h2 class=\"wsp-posts-title\">Posts by category<\/h2>\n<ul class=\"wsp-posts-list\">\n\t<li><strong class=\"wsp-category-title\">Category: <a href=\"http:\/\/cit.itim-cj.ro\/en\/category\/noutati\/\">Noutati<\/a><\/strong>\n<ul class=\"wsp-posts-list\">\t<li><strong class=\"wsp-category-title\">Category: <a href=\"http:\/\/cit.itim-cj.ro\/en\/category\/noutati\/aparitii-tv\/\">Apari\u0163ii TV<\/a><\/strong>\n<ul class=\"wsp-posts-list\">\t\t<li class=\"wsp-post\"><a href=\"http:\/\/cit.itim-cj.ro\/en\/situatia-invatamantului-universitar-si-a-cercetarii-in-actualul-context-pandemic\/\">Situa\u021bia \u00eenv\u0103\u021b\u0103m\u00e2ntului universitar \u0219i a cercet\u0103rii \u00een actualul context pandemic<\/a><\/li>\n\t\t<li class=\"wsp-post\"><a href=\"http:\/\/cit.itim-cj.ro\/en\/autentificarea-vinurilor-si-a-produselor-de-origine-se-poate-face-acum-cu-ajutorul-tehnologiilor-izotopice-si-moleculare\/\">Autentificarea vinurilor \u0219i a produselor de origine se poate face acum cu ajutorul tehnologiilor izotopice \u0219i moleculare<\/a><\/li>\n\t\t<li class=\"wsp-post\"><a href=\"http:\/\/cit.itim-cj.ro\/en\/tehnologie-inovatoare-a-cercetatorilor-clujeni-ar-putea-fi-folosita-pentru-tratarea-cancerului\/\">Tehnologie inovatoare a cercet\u0103torilor clujeni. Ar putea fi folosit\u0103 pentru tratarea cancerului<\/a><\/li>\n\t\t<li class=\"wsp-post\"><a href=\"http:\/\/cit.itim-cj.ro\/en\/beneficiile-bionanotehnologiei\/\">Beneficiile bionanotehnologiei<\/a><\/li>\n\t\t<li class=\"wsp-post\"><a href=\"http:\/\/cit.itim-cj.ro\/en\/medicamentele-viitorului\/\">Medicamentele viitorului<\/a><\/li>\n\t\t<li class=\"wsp-post\"><a href=\"http:\/\/cit.itim-cj.ro\/en\/bauturi-cu-amprenta-greu-de-falsificat\/\">B\u0103uturi \u201ecu amprent\u0103\u201d, greu de falsificat<\/a><\/li>\n\t\t<li class=\"wsp-post\"><a href=\"http:\/\/cit.itim-cj.ro\/en\/protejati-de-tehnologie\/\">Proteja\u0163i de tehnologie<\/a><\/li>\n<\/ul><\/li>\n\t<li><strong class=\"wsp-category-title\">Category: <a href=\"http:\/\/cit.itim-cj.ro\/en\/category\/noutati\/evenimente\/\">Evenimente<\/a><\/strong>\n<ul class=\"wsp-posts-list\">\t\t<li class=\"wsp-post\"><a href=\"http:\/\/cit.itim-cj.ro\/en\/intalnire-cu-membrii-romanian-new-materials-cluster\/\">\u00cent\u00e2lnire cu membrii Romanian New Materials Cluster<\/a><\/li>\n\t\t<li class=\"wsp-post\"><a href=\"http:\/\/cit.itim-cj.ro\/en\/22-nov-2018-evenimentul-certt_bionano-2\/\">Evenimentul CerTT_BioNano<\/a><\/li>\n\t\t<li class=\"wsp-post\"><a href=\"http:\/\/cit.itim-cj.ro\/en\/10-mai-2018-evenimentul-certt_sanmed-2-2\/\">Evenimentul CerTT_SanMed<\/a><\/li>\n\t\t<li class=\"wsp-post\"><a href=\"http:\/\/cit.itim-cj.ro\/en\/evenimentul-certt_agroa\/\">Evenimentul CerTT_AgroA<\/a><\/li>\n<\/ul><\/li>\n\t<li><strong class=\"wsp-category-title\">Category: <a href=\"http:\/\/cit.itim-cj.ro\/en\/category\/noutati\/presa-scrisa\/\">Pres\u0103<\/a><\/strong>\n<ul class=\"wsp-posts-list\">\t\t<li class=\"wsp-post\"><a href=\"http:\/\/cit.itim-cj.ro\/en\/comunicat-de-presa-incheiere-proiect\/\">Comunicat de pres\u0103 \u00eencheiere proiect<\/a><\/li>\n\t\t<li class=\"wsp-post\"><a href=\"http:\/\/cit.itim-cj.ro\/en\/market-watch\/\">Market Watch nr. 218, octombrie 2019<\/a><\/li>\n\t\t<li class=\"wsp-post\"><a href=\"http:\/\/cit.itim-cj.ro\/en\/nanotehnologie-rezultatele-cercetatorii-clujeni-incep-sa-fie-aplicate-in-economie\/\">Nanotehnologie \u2013 rezultatele cercet\u0103torii clujeni \u00eencep s\u0103 fie aplicate \u00een economie<\/a><\/li>\n\t\t<li class=\"wsp-post\"><a href=\"http:\/\/cit.itim-cj.ro\/en\/cluj-tehnologie-inovatoare-a-cercetatorilor-clujeni-ar-putea-fi-folosita-pentru-tratarea-cancerului\/\">Cluj. Tehnologie inovatoare a cercet\u0103torilor clujeni. Ar putea fi folosit\u0103 pentru tratarea cancerului<\/a><\/li>\n\t\t<li class=\"wsp-post\"><a href=\"http:\/\/cit.itim-cj.ro\/en\/incdtim-cluj-napoca-produce-nanoparticule-care-pot-duce-medicamentele-la-tinta-si-distrug-tesuturile-tumorale\/\">INCDTIM Cluj-Napoca produce nanoparticule care pot duce medicamentele la \u0163int\u0103 \u015fi distrug \u0163esuturile tumorale<\/a><\/li>\n\t\t<li class=\"wsp-post\"><a href=\"http:\/\/cit.itim-cj.ro\/en\/market-watch-2\/\">Market Watch nr. 206, iulie 2018<\/a><\/li>\n\t\t<li class=\"wsp-post\"><a href=\"http:\/\/cit.itim-cj.ro\/en\/bioeconomia-in-sprijinul-producatorilor-agricoli\/\">Bioeconomia \u00een sprijinul produc\u0103torilor agricoli<\/a><\/li>\n\t\t<li class=\"wsp-post\"><a href=\"http:\/\/cit.itim-cj.ro\/en\/cercetatorii-clujeni-de-la-incdtim-lucreaza-la-un-proiect-care-poate-dovedi-daca-vinul-cumparat-este-fals\/\">Cercet\u0103torii clujeni de la INCDTIM lucreaz\u0103 la un proiect care poate dovedi dac\u0103 vinul cump\u0103rat este fals<\/a><\/li>\n\t\t<li class=\"wsp-post\"><a href=\"http:\/\/cit.itim-cj.ro\/en\/un-proiect-al-unor-clujeni-poate-dovedi-daca-vinul-cumparat-este-fals\/\">Un proiect al unor clujeni poate dovedi dac\u0103 vinul cump\u0103rat este fals<\/a><\/li>\n<\/ul><\/li>\n<\/ul><\/li>\n<\/ul>\n<h2 class=\"wsp-rezultats-title\">Rezultate<\/h2>\n<ul class=\"wsp-rezultats-list\">\n<li><a href=\"http:\/\/cit.itim-cj.ro\/en\/rezultat\/acidul-politartaric-poliester-biocompatibil-si-biodegradabil\/\">Acidul politartaric\u2013poliester biocompatibil \u0219i biodegradabil<\/a><\/li>\n<li><a href=\"http:\/\/cit.itim-cj.ro\/en\/rezultat\/tehnologie-verde-de-sinteza-a-mil-101cr\/\">Tehnologie verde de sintez\u0103 a MIL-101(Cr)<\/a><\/li>\n<li><a href=\"http:\/\/cit.itim-cj.ro\/en\/rezultat\/detectia-unui-biomarker-al-cancerului-folosind-electrod-modificat-cu-grafene\/\">Detec\u0163ia unui biomarker al cancerului folosind electrod modificat cu grafene<\/a><\/li>\n<li><a href=\"http:\/\/cit.itim-cj.ro\/en\/rezultat\/electrod-modificat-cu-aplicatie-in-detectia-pirocatechinei-din-solutii-apoase\/\">Electrod modificat cu aplica\u0163ie \u00een detec\u0163ia pirocatechinei din solu\u0163ii apoase<\/a><\/li>\n<li><a href=\"http:\/\/cit.itim-cj.ro\/en\/rezultat\/electrod-modificat-pentru-detectia-selectiva-a-ionilor-de-plumb-din-solutii-apoase\/\">Electrod modificat pentru detec\u0163ia selectiv\u0103 a ionilor de plumb din solu\u0163ii apoase<\/a><\/li>\n<li><a href=\"http:\/\/cit.itim-cj.ro\/en\/rezultat\/clusteri-magnetici-cu-proprietati-controlate\/\">Clusteri magnetici cu propriet\u0103\u021bi controlate<\/a><\/li>\n<li><a href=\"http:\/\/cit.itim-cj.ro\/en\/rezultat\/metoda-de-producere-a-hidrogenului-din-etanol-si-glicerina-la-temperaturi-scazute\/\">Metod\u0103 de producere a hidrogenului din etanol \u015fi glicerin\u0103 la temperaturi sc\u0103zute<\/a><\/li>\n<li><a href=\"http:\/\/cit.itim-cj.ro\/en\/rezultat\/oxid-de-grafena-redus-decorat-cu-nanoparticule-de-sno2fe-utilizate-ca-senzori-de-umiditate\/\">Oxid de grafen\u0103 redus decorat cu nanoparticule de SnO2:Fe utilizate ca senzori de umiditate<\/a><\/li>\n<li><a href=\"http:\/\/cit.itim-cj.ro\/en\/rezultat\/clusteri-magnetici-acoperiti-cu-sio2-pentru-aplicatii-in-domeniul-hartiei-securizate-magnetic\/\">Clusteri magnetici acoperi\u021bi cu SiO2 pentru aplica\u021bii \u00een domeniul h\u00e2rtiei securizate magnetic<\/a><\/li>\n<li><a href=\"http:\/\/cit.itim-cj.ro\/en\/rezultat\/nanoparticule-compozite-de-tipul-fe3o4-tio2eu-pentru-depoluarea-apelor-prin-efect-fotocatalitic\/\">Nanoparticule compozite de tipul Fe3O4\/TiO2:Eu  pentru depoluarea apelor prin efect fotocatalitic<\/a><\/li>\n<li><a href=\"http:\/\/cit.itim-cj.ro\/en\/rezultat\/metoda-analitica-pentru-evaluarea-calitatii-uleiului-de-lavanda-2\/\">Analytical method for lavender oil quality assessment<\/a><\/li>\n<li><a href=\"http:\/\/cit.itim-cj.ro\/en\/rezultat\/01-02-metoda-de-extractie-a-polifenolilor-din-busuioc\/\">Metod\u0103 de extrac\u021bie a polifenolilor din busuioc<\/a><\/li>\n<li><a href=\"http:\/\/cit.itim-cj.ro\/en\/rezultat\/nanoparticule-glucoza\/\">Nanoparticule magnetice biofunc\u0163ionalizate cu glucoz\u0103<\/a><\/li>\n<li><a href=\"http:\/\/cit.itim-cj.ro\/en\/rezultat\/amprentare-branza\/\">Amprentarea izotopic\u0103 \u015fi elemental\u0103 a br\u00e2nzeturilor rom\u00e2ne\u015fti \u2013 element de protejare a m\u0103rcii<\/a><\/li>\n<li><a href=\"http:\/\/cit.itim-cj.ro\/en\/rezultat\/vitamina-c-patrunjel\/\">Metod\u0103 de extrac\u021bie a vitaminei C din p\u0103trunjel<\/a><\/li>\n<\/ul>\n<h2 class=\"wsp-expertizas-title\">Expertiza<\/h2>\n<ul class=\"wsp-expertizas-list\">\n<li><a href=\"http:\/\/cit.itim-cj.ro\/en\/expertiza\/microscopie-de-scanare-in-vid-ultrainalt-prin-stm-si-afm\/\">Microscopie de scanare \u00een vid ultra\u00eenalt prin STM \u0219i AFM<\/a><\/li>\n<li><a href=\"http:\/\/cit.itim-cj.ro\/en\/expertiza\/detectia-si-monitorizarea-reziduurilor-de-pesticide\/\">Detec\u021bia \u0219i monitorizarea reziduurilor de pesticide<\/a><\/li>\n<li><a href=\"http:\/\/cit.itim-cj.ro\/en\/expertiza\/depuneri-de-filme-subtiri-prin-ablatie-laser-pulsata\/\">Depuneri de filme sub\u021biri prin abla\u021bie laser pulsat\u0103<\/a><\/li>\n<li><a href=\"http:\/\/cit.itim-cj.ro\/en\/expertiza\/depuneri-de-filme-epitaxiale-prin-mbe\/\">Depuneri de filme epitaxiale prin MBE<\/a><\/li>\n<li><a href=\"http:\/\/cit.itim-cj.ro\/en\/expertiza\/microscopie-electronica\/\">Microscopie electronic\u0103<\/a><\/li>\n<li><a href=\"http:\/\/cit.itim-cj.ro\/en\/expertiza\/calorimetrie-fotopiroelectrica\/\">Calorimetrie fotopiroelectric\u0103<\/a><\/li>\n<li><a href=\"http:\/\/cit.itim-cj.ro\/en\/expertiza\/litografie-de-nanoimprint\/\">Litografie de nanoimprint<\/a><\/li>\n<li><a href=\"http:\/\/cit.itim-cj.ro\/en\/expertiza\/extractia-compusilor-organici-asistata-de-ultrasunete\/\">Extrac\u021bia compu\u0219ilor organici asistat\u0103 de ultrasunete<\/a><\/li>\n<li><a href=\"http:\/\/cit.itim-cj.ro\/en\/expertiza\/caracterizarea-suprafetei-active-a-catalizatorilor\/\">Caracterizarea suprafe\u021bei active a catalizatorilor<\/a><\/li>\n<li><a href=\"http:\/\/cit.itim-cj.ro\/en\/expertiza\/microscopie-de-forta-atomica\/\">Microscopie de for\u021b\u0103 atomic\u0103<\/a><\/li>\n<li><a href=\"http:\/\/cit.itim-cj.ro\/en\/expertiza\/obtinere-de-sisteme-supramoleculare-2\/\">Ob\u021binere de sisteme supramoleculare<\/a><\/li>\n<li><a href=\"http:\/\/cit.itim-cj.ro\/en\/expertiza\/difractie-de-raze-x\/\">Difrac\u021bie de raze X<\/a><\/li>\n<li><a href=\"http:\/\/cit.itim-cj.ro\/en\/expertiza\/caracterizarea-porozitatii-materialelor-solide\/\">Caracterizarea porozit\u0103\u021bii materialelor solide<\/a><\/li>\n<li><a href=\"http:\/\/cit.itim-cj.ro\/en\/expertiza\/spectroscopie-rmn-pe-solide\/\">Spectroscopie RMN pe solide<\/a><\/li>\n<li><a href=\"http:\/\/cit.itim-cj.ro\/en\/expertiza\/spectroscopie-rmn-pe-lichide\/\">Spectroscopie RMN pe lichide<\/a><\/li>\n<li><a href=\"http:\/\/cit.itim-cj.ro\/en\/expertiza\/spectroscopie-res\/\">Spectroscopie RES<\/a><\/li>\n<li><a href=\"http:\/\/cit.itim-cj.ro\/en\/expertiza\/cromatografie-de-lichide\/\">Cromatografie de lichide<\/a><\/li>\n<li><a href=\"http:\/\/cit.itim-cj.ro\/en\/expertiza\/spectrometrie-de-masa-cu-plasma-cuplata-inductiv\/\">Spectrometrie de mas\u0103 cu plasm\u0103 cuplat\u0103 inductiv<\/a><\/li>\n<\/ul>\n<h2 class=\"wsp-oferta-rezultates-title\">Oferta de rezultate<\/h2>\n<ul class=\"wsp-oferta-rezultates-list\">\n<li><a href=\"http:\/\/cit.itim-cj.ro\/en\/tehnologii\/oferta-de-rezultate\/industria-agroalimentara\/industria-agroalimentara-industria-agroalimentarar\/\">Industria agroalimentar\u0103<\/a><\/li>\n<li><a href=\"http:\/\/cit.itim-cj.ro\/en\/tehnologii\/oferta-de-rezultate\/industria-agroalimentara\/\">Industria agroalimentar\u0103<\/a><\/li>\n<li><a href=\"http:\/\/cit.itim-cj.ro\/en\/tehnologii\/oferta-de-rezultate\/materiale-avansate\/\">Advanced materials<\/a><\/li>\n<li><a href=\"http:\/\/cit.itim-cj.ro\/en\/tehnologii\/oferta-de-rezultate\/materiale-avansate\/materiale-avansate-materiale-avansate\/\">Advanced materials<\/a><\/li>\n<li><a href=\"http:\/\/cit.itim-cj.ro\/en\/tehnologii\/oferta-de-rezultate\/mediu-si-tehnologii-curate\/mediu-si-tehnologii-curate-mediu-si-tehnologii-curate\/\">Mediu \u0219i tehnologii curate<\/a><\/li>\n<li><a href=\"http:\/\/cit.itim-cj.ro\/en\/tehnologii\/oferta-de-rezultate\/mediu-si-tehnologii-curate\/\">Mediu \u0219i tehnologii curate<\/a><\/li>\n<li><a href=\"http:\/\/cit.itim-cj.ro\/en\/tehnologii\/oferta-de-rezultate\/sanatate-si-farma\/\">S\u0103n\u0103tate \u0219i farma<\/a><\/li>\n<li><a href=\"http:\/\/cit.itim-cj.ro\/en\/tehnologii\/oferta-de-rezultate\/sanatate-si-farma\/sanatate-si-farma-sanatate-si-farma\/\">S\u0103n\u0103tate \u0219i farma<\/a><\/li>\n<\/ul>\n<h2 class=\"wsp-oferta-expertizas-title\">Expertiza<\/h2>\n<ul class=\"wsp-oferta-expertizas-list\">\n<li><a href=\"http:\/\/cit.itim-cj.ro\/en\/tehnologii\/expertiza\/analiza-si-caracterizare\/\">Analiz\u0103 \u015fi caracterizare<\/a><\/li>\n<li><a href=\"http:\/\/cit.itim-cj.ro\/en\/tehnologii\/expertiza\/analiza-si-caracterizare\/analiza-si-caracterizare-analiza-si-caracterizare\/\">Analiz\u0103 \u015fi caracterizare<\/a><\/li>\n<li><a href=\"http:\/\/cit.itim-cj.ro\/en\/tehnologii\/expertiza\/sinteza-si-fabricatie\/sinteza-si-fabricatie-sinteza-si-fabricatie\/\">Sintez\u0103 \u015fi fabrica\u0163ie<\/a><\/li>\n<li><a href=\"http:\/\/cit.itim-cj.ro\/en\/tehnologii\/expertiza\/sinteza-si-fabricatie\/\">Sintez\u0103 \u015fi fabrica\u0163ie<\/a><\/li>\n<\/ul>\n<\/div>","protected":false},"excerpt":{"rendered":"Pages Detalii TRL Expertiz\u0103 Home Ofert\u0103 de rezultate Poveste de succes &#8211; Raport final contract subsidiar Agro Cosm Fan 1 Poveste de succes &#8211; Raport final Contract subsidiar Agro Cosm Fan 2 Poveste de succes &#8211; Raport final Contract subsidiar Etera Prod Poveste de succes...","protected":false},"author":1,"featured_media":0,"parent":0,"menu_order":23,"comment_status":"closed","ping_status":"closed","template":"","meta":[],"_links":{"self":[{"href":"http:\/\/cit.itim-cj.ro\/en\/wp-json\/wp\/v2\/pages\/16380"}],"collection":[{"href":"http:\/\/cit.itim-cj.ro\/en\/wp-json\/wp\/v2\/pages"}],"about":[{"href":"http:\/\/cit.itim-cj.ro\/en\/wp-json\/wp\/v2\/types\/page"}],"author":[{"embeddable":true,"href":"http:\/\/cit.itim-cj.ro\/en\/wp-json\/wp\/v2\/users\/1"}],"replies":[{"embeddable":true,"href":"http:\/\/cit.itim-cj.ro\/en\/wp-json\/wp\/v2\/comments?post=16380"}],"version-history":[{"count":1,"href":"http:\/\/cit.itim-cj.ro\/en\/wp-json\/wp\/v2\/pages\/16380\/revisions"}],"predecessor-version":[{"id":16381,"href":"http:\/\/cit.itim-cj.ro\/en\/wp-json\/wp\/v2\/pages\/16380\/revisions\/16381"}],"wp:attachment":[{"href":"http:\/\/cit.itim-cj.ro\/en\/wp-json\/wp\/v2\/media?parent=16380"}],"curies":[{"name":"wp","href":"https:\/\/api.w.org\/{rel}","templated":true}]}}