{"id":16351,"date":"2018-02-18T22:11:17","date_gmt":"2018-02-18T22:11:17","guid":{"rendered":"http:\/\/cache2.itim-cj.ro\/ttc\/?page_id=16351"},"modified":"2019-08-26T12:49:46","modified_gmt":"2019-08-26T12:49:46","slug":"detalii-trl","status":"publish","type":"page","link":"http:\/\/cit.itim-cj.ro\/en\/detalii-trl\/","title":{"rendered":"Detalii TRL"},"content":{"rendered":"<p><b>TRL 1<\/b><\/p>\n<p align=\"justify\"><i><span style=\"font-weight: 400;\">Defini\u021bie<\/span><\/i><span style=\"font-weight: 400;\">: Principii de baz\u0103 descoperite \u0219i formulate.<\/span><\/p>\n<p align=\"justify\"><i><span style=\"font-weight: 400;\">Descriere<\/span><\/i><span style=\"font-weight: 400;\">: Acesta este primul nivel de maturitate tehnologic\u0103. Cercetarea \u0219tiin\u021bific\u0103 teoretic\u0103\/fundamental\u0103 \u00eencepe s\u0103 migreze spre cercetare-dezvoltare. Rezultatele se reg\u0103sesc \u00een publica\u021bii care prezint\u0103 principiile de baz\u0103 ale tehnologiei, sau observa\u021bii ale realit\u0103\u021bii fizice (inclusiv \u201cdiscovery experiments\u201d).<\/span><\/p>\n<p><b>TRL 2<\/b><\/p>\n<p align=\"justify\"><i><span style=\"font-weight: 400;\">Defini\u021bie:<\/span><\/i><span style=\"font-weight: 400;\"> Formularea conceptului tehnologic \u0219i a aplica\u021biei.<\/span><\/p>\n<p align=\"justify\"><i><span style=\"font-weight: 400;\">Descriere<\/span><\/i><span style=\"font-weight: 400;\">: Odat\u0103 stabilite principiile de baz\u0103, se \u00eencepe tranzi\u021bia spre aplica\u021bii practice. Aplica\u021biile pot fi reale (identificate independent) sau speculative, prin urmare nu se a\u0219teapt\u0103 o analiz\u0103\/argumentare detaliat\u0103 a viitoarelor aplica\u021bii. Exemplele pot fi limitate la studii teoretice. Livrabilele includ publica\u021bii sau alte documente care prezint\u0103 aplica\u021biile considerate \u0219i le analizeaz\u0103 \u00een vederea argument\u0103rii conceptului. Saltul de la TRL 1 la TRL 2 este transferul ideilor pur teoretice spre cercetarea aplicat\u0103. Demersurile sunt \u00een mare m\u0103sur\u0103 teoretice, concretizate \u00een publica\u021bii, cu scopul de a \u00een\u021belege mai bine\/complet rezultatele \u0219tiin\u021bifice. Se proiecteaz\u0103 experimente pentru a corobora rezultatele fundamentale de la TRL 1.<\/span><\/p>\n<p>&nbsp;<\/p>\n<p><b>TRL 3<\/b><\/p>\n<p align=\"justify\"><i><span style=\"font-weight: 400;\">Defini\u021bie:<\/span><\/i><span style=\"font-weight: 400;\"> Demonstrarea func\u021bionalit\u0103\u021bii conceptului, \u00een raport cu func\u021bionalit\u0103\u021bile critice ale sistemului, prin studii analitice \u0219i experimentale.<\/span><\/p>\n<p align=\"justify\"><i><span style=\"font-weight: 400;\">Descriere<\/span><\/i><span style=\"font-weight: 400;\">: Se ini\u021biaz\u0103 demersul de cercetare-dezvoltare, prin studii analitice \u0219i experimentale la scar\u0103 de laborator, pentru a valida predic\u021biile teoretice pentru componente separate ale tehnologiei. Livrabilele includ rezultatele testelor de laborator pentru determinarea parametrilor de interes \u0219i compararea cu predic\u021biile teoretice pentru sub-sistemele critice. La nivelul TRL 3 demersul trece de la faza teoretic\u0103 (\u201cpe h\u00e2rtie\u201d) la cea experimental\u0103, pentru a verifica func\u021bionalitatea conceptului. Se valideaz\u0103 componente individuale ale tehnologiei, dar nu se urm\u0103re\u0219te \u00eenc\u0103 integrarea lor \u00eentr-un sistem complet. Modelarea \u0219i simularea numeric\u0103 pot fi utilizate pentru a completa experimentul fizic.<\/span><\/p>\n<p>&nbsp;<\/p>\n<p><b>TRL 4<\/b><\/p>\n<p align=\"justify\"><i><span style=\"font-weight: 400;\">Defini\u021bie:<\/span><\/i><span style=\"font-weight: 400;\"> Validarea \u00een condi\u021bii de laborator a componentelor \u0219i\/sau ansamblului\/sistemului.<\/span><\/p>\n<p align=\"justify\"><i><span style=\"font-weight: 400;\">Descriere<\/span><\/i><span style=\"font-weight: 400;\">: Principalele componente ale tehnologiei sunt integrate pentru a stabili func\u021bionalitatea ansamblului. Acest demers poate avea un grad relativ sc\u0103zut de fidelitate \u00een raport cu sistemul real. Spre exemplu, se integreaz\u0103 componente separate \u00een laborator \u0219i se efectueaz\u0103 teste \u00eentr-un domeniu de condi\u021bii de operare. Livrabilele includ rezultatele testelor pentru ansamblul de componente, cu eviden\u021bierea apropierii (sau diferen\u021belor) \u00een raport cu func\u021bionalitatea \u0219i performan\u021bele a\u0219teptate. TRL 4-6 reprezint\u0103 puntea dintre cercetarea \u0219tiin\u021bific\u0103 \u0219i aplica\u021bia inginereasc\u0103\/practic\u0103. TRL 4 este primul pas \u00een a determina dac\u0103 ansamblul componentelor individuale func\u021bioneaz\u0103 corect ca sistem. Sistemul de laborator va fi, cel mai probabil, un amestec de echipamente existente (de uz mai general) \u0219i componente care necesit\u0103 manipulare, calibrare, aliniere, etc. specific\u0103 pentru a deveni func\u021bionale.<\/span><\/p>\n<p>&nbsp;<\/p>\n<p><b>TRL 5<\/b><\/p>\n<p align=\"justify\"><i><span style=\"font-weight: 400;\">Defini\u021bie<\/span><\/i><span style=\"font-weight: 400;\">: Validarea modelului de laborator, la scar\u0103 redus\u0103 sau m\u0103rit\u0103, dup\u0103 caz, cu reproducerea prin similitudine a condi\u021biilor reale de func\u021bionare.<\/span><\/p>\n<p align=\"justify\"><i><span style=\"font-weight: 400;\">Descriere:<\/span><\/i><span style=\"font-weight: 400;\"> Toate componentele tehnologiei sunt asamblate astfel \u00eenc\u00e2t configura\u021bia sistemului este similar\u0103 aplica\u021biei finale \u00een aproape toate aspectele. Livrabilele includ rezultatele testelor de laborator, analiza diferen\u021belor \u00eentre condi\u021biile de laborator, analiza semnifica\u021biei testelor de laborator pentru func\u021bionarea sistemului real. Diferen\u021ba principal\u0103 \u00eentre TRL 4 \u0219i TRL 5 este cre\u0219terea fidelit\u0103\u021bii testelor de laborator \u00een raport cu sistemul real, respectiv cu condi\u021biile reale de operare. Sistemul testat este foarte apropiat de prototip<\/span><\/p>\n<p>&nbsp;<\/p>\n<p><b>TRL 6<\/b><\/p>\n<p align=\"justify\"><i><span style=\"font-weight: 400;\">Defini\u021bie:<\/span><\/i><span style=\"font-weight: 400;\"> Validarea prototipului (sistemul la scar\u0103 real\u0103) \u00eentr-un mediu relevant (condi\u021bii de func\u021bionare similare celor reale).<\/span><\/p>\n<p align=\"justify\"><i><span style=\"font-weight: 400;\">Descriere<\/span><\/i><span style=\"font-weight: 400;\">: Modelul la scar\u0103 real\u0103 (prototipul) este testat \u00eentr-un mediu relevant pentru condi\u021biile reale de func\u021bionare. Acesta este un pas important \u00een demonstrarea maturit\u0103\u021bii tehnologiei. Spre exemplu, acest nivel 3 include testarea unui prototip \u00eentr-un domeniu de condi\u021bii relevante pentru aplica\u021bii, ce includ propriet\u0103\u021bi fizice \u0219i chimice corespunz\u0103toare. Livrabilele includ informa\u021bii asupra testelor, eventualele efecte de scar\u0103, \u0219i interpretarea posibilelor diferen\u021be induse de acestea \u00een raport cu situa\u021bia aplica\u021biei concrete. TRL 6 marcheaz\u0103 dezvoltarea inginereasc\u0103 a tehnologiei spre un sistem opera\u021bional. Diferen\u021ba principal\u0103 \u00eentre TRL 5 \u0219i TRL 6 o reprezint\u0103 trecerea de la scara de laborator la cea corespunz\u0103toare aplica\u021biei inginere\u0219ti, cu determinarea efectelor de scar\u0103 ce intervin \u00een proiectarea sistemului opera\u021bional. Prototipul trebuie s\u0103 fie capabil s\u0103 \u00eendeplineasc\u0103 toate func\u021biile cerute sistemului opera\u021bional. Mediul de testare trebuie s\u0103 reprezinte c\u00e2t mai fidel condi\u021biile reale de exploatare.<\/span><\/p>\n<p>&nbsp;<\/p>\n<p><b>TRL 7<\/b><\/p>\n<p align=\"justify\"><i><span style=\"font-weight: 400;\">Defini\u021bie<\/span><\/i><span style=\"font-weight: 400;\">: Demonstrarea func\u021bionalit\u0103\u021bii prototipului (sistemul la scara real\u0103) \u00een condi\u021bii reale\/relevante de func\u021bionare.<\/span><\/p>\n<p align=\"justify\"><i><span style=\"font-weight: 400;\">Descriere<\/span><\/i><span style=\"font-weight: 400;\">: Acesta este un pas major \u00een raport cu TRL 6, necesit\u00e2nd demonstrarea func\u021bion\u0103rii prototipului \u00eentr-un mediu relevant pentru aplica\u021biile reale. Documenta\u021bia include rezultatele testelor la scar\u0103 real\u0103, analiza diferen\u021belor dintre mediul de testare \u0219i mediul real, interpretarea rezultatelor experimentale \u0219i extrapolarea lor pentru func\u021bionarea \u00een mediul real.<\/span><\/p>\n<p>&nbsp;<\/p>\n<p><b>TRL 8<\/b><\/p>\n<p align=\"justify\"><i><span style=\"font-weight: 400;\">Defini\u021bie<\/span><\/i><span style=\"font-weight: 400;\">: Sistemul real este complet realizat \u0219i certificat prin teste \u0219i demonstra\u021bii.<\/span><\/p>\n<p align=\"justify\"><i><span style=\"font-weight: 400;\">Descriere<\/span><\/i><span style=\"font-weight: 400;\">: Func\u021bionalitatea tehnologiei, \u00een forma ei final\u0103, este demonstrat\u0103 \u00een condi\u021biile de operare inten\u021bionate. \u00cen majoritatea cazurilor acest nivel de maturitate corespunde finaliz\u0103rii dezvolt\u0103rii sistemului real. Procedurile de operare\/utilizare sunt complete. De regul\u0103, Certificarea Opera\u021bional\u0103 (Operational Readiness Review) a fost trecut\u0103 cu succes \u00eenainte de prima pornire.<\/span><\/p>\n<p>&nbsp;<\/p>\n<p><b>TRL 9<\/b><\/p>\n<p align=\"justify\"><i><span style=\"font-weight: 400;\">Defini\u021bie:<\/span><\/i><span style=\"font-weight: 400;\"> Sistemul real este func\u021bional \u00een mediul opera\u021bional, pe tot domeniul de regimuri anticipate.<\/span><\/p>\n<p align=\"justify\"><i><span style=\"font-weight: 400;\">Descriere<\/span><\/i><span style=\"font-weight: 400;\">: Tehnologia a atins forma final\u0103 \u0219i este utilizat\u0103 pe tot domeniul de regimuri \u0219i \u00een toate condi\u021biile pentru care a fost creat\u0103.<\/span><\/p>\n<p>&nbsp;<\/p>\n<p align=\"justify\"><span style=\"font-weight: 400;\">1.H2020 \u2013 Work Programme 2016-2017, General Annexes \u2013 pag. 35\/44 https:\/\/ec.europa.eu\/programmes\/horizon2020\/en\/what-work-programme <\/span><\/p>\n<p align=\"justify\"><span style=\"font-weight: 400;\">2.Technology Readiness Assessment Guide &#8211; Department of Energy, U.S, pag. 9-10\/34 <\/span><\/p>\n<p align=\"justify\"><span style=\"font-weight: 400;\">https:\/\/www.directives.doe.gov\/directives-documents\/400-series\/0413.3-EGuide-04<\/span><\/p>","protected":false},"excerpt":{"rendered":"<p>TRL 1 Defini\u021bie: Principii de baz\u0103 descoperite \u0219i formulate. Descriere: Acesta este primul nivel de maturitate tehnologic\u0103. Cercetarea \u0219tiin\u021bific\u0103 teoretic\u0103\/fundamental\u0103 \u00eencepe s\u0103 migreze spre cercetare-dezvoltare. Rezultatele se reg\u0103sesc \u00een publica\u021bii care prezint\u0103 principiile de baz\u0103 ale tehnologiei, sau observa\u021bii ale realit\u0103\u021bii fizice (inclusiv \u201cdiscovery experiments\u201d)&#8230;.<\/p>","protected":false},"author":1,"featured_media":0,"parent":0,"menu_order":0,"comment_status":"closed","ping_status":"closed","template":"","meta":[],"_links":{"self":[{"href":"http:\/\/cit.itim-cj.ro\/en\/wp-json\/wp\/v2\/pages\/16351"}],"collection":[{"href":"http:\/\/cit.itim-cj.ro\/en\/wp-json\/wp\/v2\/pages"}],"about":[{"href":"http:\/\/cit.itim-cj.ro\/en\/wp-json\/wp\/v2\/types\/page"}],"author":[{"embeddable":true,"href":"http:\/\/cit.itim-cj.ro\/en\/wp-json\/wp\/v2\/users\/1"}],"replies":[{"embeddable":true,"href":"http:\/\/cit.itim-cj.ro\/en\/wp-json\/wp\/v2\/comments?post=16351"}],"version-history":[{"count":6,"href":"http:\/\/cit.itim-cj.ro\/en\/wp-json\/wp\/v2\/pages\/16351\/revisions"}],"predecessor-version":[{"id":17025,"href":"http:\/\/cit.itim-cj.ro\/en\/wp-json\/wp\/v2\/pages\/16351\/revisions\/17025"}],"wp:attachment":[{"href":"http:\/\/cit.itim-cj.ro\/en\/wp-json\/wp\/v2\/media?parent=16351"}],"curies":[{"name":"wp","href":"https:\/\/api.w.org\/{rel}","templated":true}]}}