{"id":15284,"date":"2018-09-06T11:29:07","date_gmt":"2018-09-06T11:29:07","guid":{"rendered":"http:\/\/demo.qodeinteractive.com\/bridge3\/?page_id=15284"},"modified":"2020-02-26T09:15:29","modified_gmt":"2020-02-26T09:15:29","slug":"echipa","status":"publish","type":"page","link":"http:\/\/cit.itim-cj.ro\/en\/echipa\/","title":{"rendered":"Echipa"},"content":{"rendered":"<div   data-q_id=\"#echipa\"    class=\"vc_row wpb_row section vc_row-fluid  grid_section\" style='background-color:#f8f8f8; border-bottom: 1px solid #eeeeee; padding-top:75px; padding-bottom:0px; text-align:left;'><div class=\"section_inner clearfix\"><div class='section_inner_margin clearfix'><div class=\"wpb_column vc_column_container vc_col-sm-12\"><div class=\"vc_column-inner\"><div class=\"wpb_wrapper\">\n\t<div class=\"wpb_text_column wpb_content_element\">\n\t\t<div class=\"wpb_wrapper\">\n\t\t\t<h2 style=\"text-align: center;\">Echipa noastr\u0103<\/h2>\n<p style=\"text-align: center;\">Echipa de exper\u021bi \u00een transfer tehnologic format\u0103 \u00een cadrul proiectului TTC-ITIM<\/p>\n\n\t\t<\/div> \n\t<\/div> <div class=\"separator  small center\" style=\"margin-top: 20px;margin-bottom: 65px;background-color: #818181;\"><\/div>\n<div      class=\"vc_row wpb_row section vc_row-fluid vc_inner  echipa\" style=' text-align:left;'><div class=\"full_section_inner clearfix\"><div class=\"wpb_column vc_column_container vc_col-sm-3\"><div class=\"vc_column-inner\"><div class=\"wpb_wrapper\"><div class='q_team' style='background-color:#f8f8f8;'><div class='q_team_inner'><div class='q_team_image'><img itemprop='image' src='http:\/\/cit.itim-cj.ro\/wp-content\/uploads\/2019\/07\/thumbnail-1.jpg' alt='thumbnail' \/><\/div><div class='q_team_text' ><div class='q_team_text_inner'><div class='q_team_title_holder'><h3 class='q_team_name' style = ''>Oana Onija<\/h3><span style = ''>Coordonator transfer tehnologic<\/span><\/div><\/div><div class='q_team_social_holder'><\/div><\/div><\/div><\/div><div class=\"separator  transparent\" style=\"margin-top: 25px;margin-bottom: 0px;\"><\/div>\n<div class=\"q_icon_list\"><i class=\"qode_icon_font_awesome fa fa-address-book-o qode-ili-icon-holder transparent\" style=\"font-size: 16px;color: #0a0a0a;\" ><\/i><p style=\"margin-bottom: 5pxpx;\">Cluj-Napoca, Romania<\/p><\/div><div class=\"q_icon_list\"><i class=\"qode_icon_font_awesome fa fa-envelope qode-ili-icon-holder transparent\" style=\"font-size: 16px;color: #0a0a0a;\" ><\/i><p style=\"margin-bottom: 0px;\">oana.onija@itim-cj.ro<\/p><\/div><div class=\"q_icon_list\"><i class=\"qode_icon_font_awesome fa fa-phone qode-ili-icon-holder transparent\" style=\"font-size: 16px;color: #0a0a0a;\" ><\/i><p style=\"margin-bottom: 0px;\">(+4) 0264 58 40 37, int. 156<\/p><\/div><\/div><\/div><\/div><div class=\"wpb_column vc_column_container vc_col-sm-3\"><div class=\"vc_column-inner\"><div class=\"wpb_wrapper\"><div class='q_team' style='background-color:#f8f8f8;'><div class='q_team_inner'><div class='q_team_image'><img itemprop='image' src='http:\/\/cit.itim-cj.ro\/wp-content\/uploads\/2019\/07\/Diana_Bogdan-1-201x300.jpg' alt='Diana_Bogdan-1-201&#215;300' \/><\/div><div class='q_team_text' ><div class='q_team_text_inner'><div class='q_team_title_holder'><h3 class='q_team_name' style = ''>Diana Bogdan<\/h3><span style = ''> Responsabil informare \u0219i promovare institu\u021bional\u0103<\/span><\/div><\/div><div class='q_team_social_holder'><\/div><\/div><\/div><\/div><div class=\"separator  transparent\" style=\"margin-top: 0px;margin-bottom: 0px;\"><\/div>\n<div class=\"q_icon_list\"><i class=\"qode_icon_font_awesome fa fa-address-book-o qode-ili-icon-holder transparent\" style=\"font-size: 16px;color: #0a0a0a;\" ><\/i><p style=\"\">Cluj-Napoca, Romania<\/p><\/div><div class=\"q_icon_list\"><i class=\"qode_icon_font_awesome fa fa-envelope qode-ili-icon-holder transparent\" style=\"font-size: 16px;color: #0a0a0a;\" ><\/i><p style=\"\">diana.bogdan@itim-cj.ro<\/p><\/div><div class=\"q_icon_list\"><i class=\"qode_icon_font_awesome fa fa-phone qode-ili-icon-holder transparent\" style=\"font-size: 16px;color: #0a0a0a;\" ><\/i><p style=\"\">(+4) 0264 58 40 37, int. 196<\/p><\/div><\/div><\/div><\/div><div class=\"wpb_column vc_column_container vc_col-sm-3\"><div class=\"vc_column-inner\"><div class=\"wpb_wrapper\"><div class='q_team' style='background-color:#f8f8f8;'><div class='q_team_inner'><div class='q_team_image'><img itemprop='image' src='http:\/\/cit.itim-cj.ro\/wp-content\/uploads\/2019\/07\/Olivian_Marincas-201x300.jpg' alt='Olivian_Marincas-201&#215;300' \/><\/div><div class='q_team_text' ><div class='q_team_text_inner'><div class='q_team_title_holder'><h3 class='q_team_name' style = ''>Olivian Marinca\u0219<\/h3><span style = ''>membru \u00een echipa proiectului<\/span><\/div><\/div><div class='q_team_social_holder'><\/div><\/div><\/div><\/div><div class=\"separator  transparent\" style=\"margin-top: 25px;margin-bottom: 0px;\"><\/div>\n<div class=\"q_icon_list\"><i class=\"qode_icon_font_awesome fa fa-address-book-o qode-ili-icon-holder transparent\" style=\"font-size: 16px;color: #0a0a0a;\" ><\/i><p style=\"\">Cluj-Napoca, Romania<\/p><\/div><div class=\"q_icon_list\"><i class=\"qode_icon_font_awesome fa fa-envelope qode-ili-icon-holder transparent\" style=\"font-size: 16px;color: #0a0a0a;\" ><\/i><p style=\"\">olivian.marincas@itim-cj.ro<\/p><\/div><div class=\"q_icon_list\"><i class=\"qode_icon_font_awesome fa fa-phone qode-ili-icon-holder transparent\" style=\"font-size: 16px;color: #0a0a0a;\" ><\/i><p style=\"\">(+4) 0264 58 40 37, int. 139, 140<\/p><\/div><\/div><\/div><\/div><div class=\"wpb_column vc_column_container vc_col-sm-3\"><div class=\"vc_column-inner\"><div class=\"wpb_wrapper\"><div class='q_team' style='background-color:#f8f8f8;'><div class='q_team_inner'><div class='q_team_image'><img itemprop='image' src='http:\/\/cit.itim-cj.ro\/wp-content\/uploads\/2019\/07\/Maria_Miclaus-201x300.jpg' alt='Maria_Miclaus-201&#215;300' \/><\/div><div class='q_team_text' ><div class='q_team_text_inner'><div class='q_team_title_holder'><h3 class='q_team_name' style = ''>Maria Micl\u0103u\u0219<\/h3><span style = ''>membru \u00een echipa proiectului<\/span><\/div><\/div><div class='q_team_social_holder'><\/div><\/div><\/div><\/div><div class=\"separator  transparent\" style=\"margin-top: 25px;margin-bottom: 0px;\"><\/div>\n<div class=\"q_icon_list\"><i class=\"qode_icon_font_awesome fa fa-address-book-o qode-ili-icon-holder transparent\" style=\"font-size: 16px;color: #0a0a0a;\" ><\/i><p style=\"\">Cluj-Napoca, Romania<\/p><\/div><div class=\"q_icon_list\"><i class=\"qode_icon_font_awesome fa fa-envelope qode-ili-icon-holder transparent\" style=\"font-size: 16px;color: #0a0a0a;\" ><\/i><p style=\"\">maria.miclaus@itim-cj.ro<\/p><\/div><div class=\"q_icon_list\"><i class=\"qode_icon_font_awesome fa fa-phone qode-ili-icon-holder transparent\" style=\"font-size: 16px;color: #0a0a0a;\" ><\/i><p style=\"\">(+4) 0264 58 40 37, int. 164, 206<\/p><\/div><\/div><\/div><\/div><\/div><\/div><div class=\"separator  normal\" style=\"margin-top: 40px;margin-bottom: 65px;background-color: #ffffff;\"><\/div>\n<\/div><\/div><\/div><\/div><\/div><\/div>","protected":false},"excerpt":{"rendered":"Echipa noastr\u0103 Echipa de exper\u021bi \u00een transfer tehnologic format\u0103 \u00een cadrul proiectului TTC-ITIM Oana OnijaCoordonator transfer tehnologic Cluj-Napoca, Romaniaoana.onija@itim-cj.ro(+4) 0264 58 40 37, int. 156Diana Bogdan Responsabil informare \u0219i promovare institu\u021bional\u0103 Cluj-Napoca, Romaniadiana.bogdan@itim-cj.ro(+4) 0264 58 40 37, int. 196Olivian Marinca\u0219membru \u00een echipa proiectului Cluj-Napoca, Romaniaolivian.marincas@itim-cj.ro(+4)...","protected":false},"author":1,"featured_media":0,"parent":0,"menu_order":18,"comment_status":"open","ping_status":"closed","template":"full_width.php","meta":[],"_links":{"self":[{"href":"http:\/\/cit.itim-cj.ro\/en\/wp-json\/wp\/v2\/pages\/15284"}],"collection":[{"href":"http:\/\/cit.itim-cj.ro\/en\/wp-json\/wp\/v2\/pages"}],"about":[{"href":"http:\/\/cit.itim-cj.ro\/en\/wp-json\/wp\/v2\/types\/page"}],"author":[{"embeddable":true,"href":"http:\/\/cit.itim-cj.ro\/en\/wp-json\/wp\/v2\/users\/1"}],"replies":[{"embeddable":true,"href":"http:\/\/cit.itim-cj.ro\/en\/wp-json\/wp\/v2\/comments?post=15284"}],"version-history":[{"count":37,"href":"http:\/\/cit.itim-cj.ro\/en\/wp-json\/wp\/v2\/pages\/15284\/revisions"}],"predecessor-version":[{"id":17230,"href":"http:\/\/cit.itim-cj.ro\/en\/wp-json\/wp\/v2\/pages\/15284\/revisions\/17230"}],"wp:attachment":[{"href":"http:\/\/cit.itim-cj.ro\/en\/wp-json\/wp\/v2\/media?parent=15284"}],"curies":[{"name":"wp","href":"https:\/\/api.w.org\/{rel}","templated":true}]}}