{"id":1452,"date":"2018-09-06T12:05:38","date_gmt":"2018-09-06T12:05:38","guid":{"rendered":"http:\/\/demo.qodeinteractive.com\/bridge3\/?page_id=1452"},"modified":"2020-02-26T09:04:46","modified_gmt":"2020-02-26T09:04:46","slug":"contact","status":"publish","type":"page","link":"http:\/\/cit.itim-cj.ro\/en\/contact\/","title":{"rendered":"Contact"},"content":{"rendered":"<div class=\"wpb_column vc_column_container vc_col-sm-12\"><div class=\"vc_column-inner\"><div class=\"wpb_wrapper\"><\/div><\/div><\/div><div   data-q_id=\"#contact\"    class=\"vc_row wpb_row section vc_row-fluid\" style=' text-align:left;'><div class=\"full_section_inner clearfix\"><div class=\"wpb_column vc_column_container vc_col-sm-6\"><div class=\"vc_column-inner\"><div class=\"wpb_wrapper\">\n\t<div class=\"wpb_text_column wpb_content_element\">\n\t\t<div class=\"wpb_wrapper\">\n\t\t\t<div class=\"wpb_text_column wpb_content_element\">\n<div class=\"wpb_wrapper\">\n<h3>Address<\/h3>\n<\/div>\n<\/div>\n<div class=\"separator transparent\"><\/div>\n<p>Technological Information Center CIT<\/p>\n<p>Institutul Na\u021bional de Cercetare-Dezvoltare pentru Tehnologii Izotopice \u0219i Moleculare\u00a0INCDTIM<\/p>\n<p>Donat 67-103<\/p>\n<p>400293 Cluj-Napoca<\/p>\n<p>Rom\u00e2nia<\/p>\n<p>Email: tto@itim-cj.ro<\/p>\n<p>Telefon: (+4) 0264 58 40 37<\/p>\n<p>Fax: (+4) 0264 42 00 42<\/p>\n\n\t\t<\/div> \n\t<\/div> <\/div><\/div><\/div><div class=\"wpb_column vc_column_container vc_col-sm-6\"><div class=\"vc_column-inner\"><div class=\"wpb_wrapper\">\n\t<div class=\"wpb_text_column wpb_content_element\">\n\t\t<div class=\"wpb_wrapper\">\n\t\t\t\n<div class=\"wpcf7 no-js\" id=\"wpcf7-f16296-o1\" lang=\"ro-RO\" dir=\"ltr\">\n<div class=\"screen-reader-response\"><p role=\"status\" aria-live=\"polite\" aria-atomic=\"true\"><\/p> <ul><\/ul><\/div>\n<form action=\"\/en\/wp-json\/wp\/v2\/pages\/1452#wpcf7-f16296-o1\" method=\"post\" class=\"wpcf7-form init\" aria-label=\"Formular de contact\" novalidate=\"novalidate\" data-status=\"init\" data-trp-original-action=\"\/en\/wp-json\/wp\/v2\/pages\/1452#wpcf7-f16296-o1\">\n<div style=\"display: none;\">\n<input type=\"hidden\" name=\"_wpcf7\" value=\"16296\" \/>\n<input type=\"hidden\" name=\"_wpcf7_version\" value=\"5.7.4\" \/>\n<input type=\"hidden\" name=\"_wpcf7_locale\" value=\"ro_RO\" \/>\n<input type=\"hidden\" name=\"_wpcf7_unit_tag\" value=\"wpcf7-f16296-o1\" \/>\n<input type=\"hidden\" name=\"_wpcf7_container_post\" value=\"0\" \/>\n<input type=\"hidden\" name=\"_wpcf7_posted_data_hash\" value=\"\" \/>\n<\/div>\n<p><label> Your name (required)<br \/>\n<span class=\"wpcf7-form-control-wrap\" data-name=\"your-name\"><input size=\"40\" class=\"wpcf7-form-control wpcf7-text wpcf7-validates-as-required\" aria-required=\"true\" aria-invalid=\"false\" value=\"\" type=\"text\" name=\"your-name\" \/><\/span> <\/label>\n<\/p>\n<p><label> Your Email (required)<br \/>\n<span class=\"wpcf7-form-control-wrap\" data-name=\"your-email\"><input size=\"40\" class=\"wpcf7-form-control wpcf7-text wpcf7-email wpcf7-validates-as-required wpcf7-validates-as-email\" aria-required=\"true\" aria-invalid=\"false\" value=\"\" type=\"email\" name=\"your-email\" \/><\/span> <\/label>\n<\/p>\n<p><label> Your message<br \/>\n<span class=\"wpcf7-form-control-wrap\" data-name=\"your-message\"><textarea cols=\"40\" rows=\"10\" class=\"wpcf7-form-control wpcf7-textarea\" aria-invalid=\"false\" name=\"your-message\"><\/textarea><\/span> <\/label>\n<\/p>\n<p><input class=\"wpcf7-form-control has-spinner wpcf7-submit\" type=\"submit\" value=\"Send\" \/>\n<\/p><p style=\"display: none !important;\" class=\"akismet-fields-container\" data-prefix=\"_wpcf7_ak_\"><label>&#916;<textarea name=\"_wpcf7_ak_hp_textarea\" cols=\"45\" rows=\"8\" maxlength=\"100\"><\/textarea><\/label><input type=\"hidden\" id=\"ak_js_1\" name=\"_wpcf7_ak_js\" value=\"78\"\/><script>document.getElementById( \"ak_js_1\" ).setAttribute( \"value\", ( new Date() ).getTime() );<\/script><\/p><div class=\"wpcf7-response-output\" aria-hidden=\"true\"><\/div>\n<input type=\"hidden\" name=\"trp-form-language\" value=\"en\"\/><\/form>\n<\/div>\n\n\n\t\t<\/div> \n\t<\/div> <\/div><\/div><\/div><\/div><\/div>","protected":false},"excerpt":{"rendered":"ADRESA Centrul de Informare Tehnologic\u0103 CIT Institutul Na\u021bional de Cercetare-Dezvoltare pentru Tehnologii Izotopice \u0219i Moleculare\u00a0INCDTIM Donat 67-103 400293 Cluj-Napoca Rom\u00e2nia Email: tto@itim-cj.ro Telefon: (+4) 0264 58 40 37 Fax: (+4) 0264 42 00 42 Numele t\u0103u (obligatoriu) Emailul t\u0103u (obligatoriu) Mesajul t\u0103u &#916;document.getElementById( \"ak_js_2\" ).setAttribute(...","protected":false},"author":1,"featured_media":0,"parent":0,"menu_order":22,"comment_status":"open","ping_status":"closed","template":"contact-page.php","meta":[],"_links":{"self":[{"href":"http:\/\/cit.itim-cj.ro\/en\/wp-json\/wp\/v2\/pages\/1452"}],"collection":[{"href":"http:\/\/cit.itim-cj.ro\/en\/wp-json\/wp\/v2\/pages"}],"about":[{"href":"http:\/\/cit.itim-cj.ro\/en\/wp-json\/wp\/v2\/types\/page"}],"author":[{"embeddable":true,"href":"http:\/\/cit.itim-cj.ro\/en\/wp-json\/wp\/v2\/users\/1"}],"replies":[{"embeddable":true,"href":"http:\/\/cit.itim-cj.ro\/en\/wp-json\/wp\/v2\/comments?post=1452"}],"version-history":[{"count":17,"href":"http:\/\/cit.itim-cj.ro\/en\/wp-json\/wp\/v2\/pages\/1452\/revisions"}],"predecessor-version":[{"id":17229,"href":"http:\/\/cit.itim-cj.ro\/en\/wp-json\/wp\/v2\/pages\/1452\/revisions\/17229"}],"wp:attachment":[{"href":"http:\/\/cit.itim-cj.ro\/en\/wp-json\/wp\/v2\/media?parent=1452"}],"curies":[{"name":"wp","href":"https:\/\/api.w.org\/{rel}","templated":true}]}}